{"id":46356,"date":"2023-08-27T11:52:11","date_gmt":"2023-08-27T14:52:11","guid":{"rendered":"https:\/\/estiloromano.smartjoias.com.br\/escolhas\/shop\/sem categoria\/piercing-argola-coracao-em-aco-banhado-a-ouro-lado-esquerdo\/"},"modified":"2023-11-03T10:00:33","modified_gmt":"2023-11-03T13:00:33","slug":"piercing-argola-coracao-em-aco-banhado-a-ouro-lado-esquerdo","status":"publish","type":"product","link":"https:\/\/estiloromano.smartjoias.com.br\/escolhas\/shop\/daith\/piercing-argola-coracao-em-aco-banhado-a-ouro-lado-esquerdo\/","title":{"rendered":"Piercing Argola Cora\u00e7\u00e3o em A\u00e7o Banhado a Ouro (Lado Esquerdo)"},"content":{"rendered":"<p>Piercing Argola Cora\u00e7\u00e3o em A\u00e7o Banhado a Ouro (Lado Esquerdo)<\/p>\n","protected":false},"excerpt":{"rendered":"<p>Piercing Argola Cora\u00e7\u00e3o em A\u00e7o Banhado a Ouro (Lado Esquerdo)<\/p>\n","protected":false},"featured_media":0,"template":"","meta":[],"product_cat":[2718],"product_tag":[],"class_list":{"0":"post-46356","1":"product","2":"type-product","3":"status-publish","5":"product_cat-daith","7":"first","8":"instock","9":"shipping-taxable","10":"purchasable","11":"product-type-simple"},"_links":{"self":[{"href":"https:\/\/estiloromano.smartjoias.com.br\/escolhas\/wp-json\/wp\/v2\/product\/46356","targetHints":{"allow":["GET"]}}],"collection":[{"href":"https:\/\/estiloromano.smartjoias.com.br\/escolhas\/wp-json\/wp\/v2\/product"}],"about":[{"href":"https:\/\/estiloromano.smartjoias.com.br\/escolhas\/wp-json\/wp\/v2\/types\/product"}],"wp:attachment":[{"href":"https:\/\/estiloromano.smartjoias.com.br\/escolhas\/wp-json\/wp\/v2\/media?parent=46356"}],"wp:term":[{"taxonomy":"product_cat","embeddable":true,"href":"https:\/\/estiloromano.smartjoias.com.br\/escolhas\/wp-json\/wp\/v2\/product_cat?post=46356"},{"taxonomy":"product_tag","embeddable":true,"href":"https:\/\/estiloromano.smartjoias.com.br\/escolhas\/wp-json\/wp\/v2\/product_tag?post=46356"}],"curies":[{"name":"wp","href":"https:\/\/api.w.org\/{rel}","templated":true}]}}