{"id":46444,"date":"2023-08-27T11:54:18","date_gmt":"2023-08-27T14:54:18","guid":{"rendered":"https:\/\/estiloromano.smartjoias.com.br\/escolhas\/shop\/sem categoria\/tornozeleira-gotas-zirconias-coloridas-banhado-a-rodio-branco\/"},"modified":"2023-11-03T10:03:16","modified_gmt":"2023-11-03T13:03:16","slug":"tornozeleira-gotas-zirconias-coloridas-banhado-a-rodio-branco","status":"publish","type":"product","link":"https:\/\/estiloromano.smartjoias.com.br\/escolhas\/shop\/tornozeleira-rodio-branco\/tornozeleira-gotas-zirconias-coloridas-banhado-a-rodio-branco\/","title":{"rendered":"Tornozeleira Gotas Zirc\u00f4nias Coloridas &#8211; Banhado a R\u00f3dio Branco"},"content":{"rendered":"<p>Tornozeleira Gotas Zirc\u00f4nias Coloridas &#8211; Banhado a R\u00f3dio Branco<\/p>\n","protected":false},"excerpt":{"rendered":"<p>Tornozeleira Gotas Zirc\u00f4nias Coloridas &#8211; Banhado a R\u00f3dio Branco<\/p>\n","protected":false},"featured_media":0,"template":"","meta":[],"product_cat":[2778],"product_tag":[],"class_list":{"0":"post-46444","1":"product","2":"type-product","3":"status-publish","5":"product_cat-tornozeleira-rodio-branco","7":"first","8":"instock","9":"shipping-taxable","10":"purchasable","11":"product-type-simple"},"_links":{"self":[{"href":"https:\/\/estiloromano.smartjoias.com.br\/escolhas\/wp-json\/wp\/v2\/product\/46444","targetHints":{"allow":["GET"]}}],"collection":[{"href":"https:\/\/estiloromano.smartjoias.com.br\/escolhas\/wp-json\/wp\/v2\/product"}],"about":[{"href":"https:\/\/estiloromano.smartjoias.com.br\/escolhas\/wp-json\/wp\/v2\/types\/product"}],"wp:attachment":[{"href":"https:\/\/estiloromano.smartjoias.com.br\/escolhas\/wp-json\/wp\/v2\/media?parent=46444"}],"wp:term":[{"taxonomy":"product_cat","embeddable":true,"href":"https:\/\/estiloromano.smartjoias.com.br\/escolhas\/wp-json\/wp\/v2\/product_cat?post=46444"},{"taxonomy":"product_tag","embeddable":true,"href":"https:\/\/estiloromano.smartjoias.com.br\/escolhas\/wp-json\/wp\/v2\/product_tag?post=46444"}],"curies":[{"name":"wp","href":"https:\/\/api.w.org\/{rel}","templated":true}]}}