{"id":46459,"date":"2023-08-27T11:54:37","date_gmt":"2023-08-27T14:54:37","guid":{"rendered":"https:\/\/estiloromano.smartjoias.com.br\/escolhas\/shop\/sem categoria\/pulseira-infantil-coracao-banhado-a-ouro\/"},"modified":"2023-11-03T10:03:43","modified_gmt":"2023-11-03T13:03:43","slug":"pulseira-infantil-coracao-banhado-a-ouro","status":"publish","type":"product","link":"https:\/\/estiloromano.smartjoias.com.br\/escolhas\/shop\/pulseiras-infantis-ouro\/pulseira-infantil-coracao-banhado-a-ouro\/","title":{"rendered":"Pulseira Infantil Cora\u00e7\u00e3o &#8211; Banhado a Ouro"},"content":{"rendered":"<p>Pulseira Infantil Cora\u00e7\u00e3o &#8211; Banhado a Ouro<\/p>\n","protected":false},"excerpt":{"rendered":"<p>Pulseira Infantil Cora\u00e7\u00e3o &#8211; Banhado a Ouro<\/p>\n","protected":false},"featured_media":0,"template":"","meta":[],"product_cat":[2754],"product_tag":[],"class_list":{"0":"post-46459","1":"product","2":"type-product","3":"status-publish","5":"product_cat-pulseiras-infantis-ouro","7":"first","8":"instock","9":"shipping-taxable","10":"purchasable","11":"product-type-simple"},"_links":{"self":[{"href":"https:\/\/estiloromano.smartjoias.com.br\/escolhas\/wp-json\/wp\/v2\/product\/46459","targetHints":{"allow":["GET"]}}],"collection":[{"href":"https:\/\/estiloromano.smartjoias.com.br\/escolhas\/wp-json\/wp\/v2\/product"}],"about":[{"href":"https:\/\/estiloromano.smartjoias.com.br\/escolhas\/wp-json\/wp\/v2\/types\/product"}],"wp:attachment":[{"href":"https:\/\/estiloromano.smartjoias.com.br\/escolhas\/wp-json\/wp\/v2\/media?parent=46459"}],"wp:term":[{"taxonomy":"product_cat","embeddable":true,"href":"https:\/\/estiloromano.smartjoias.com.br\/escolhas\/wp-json\/wp\/v2\/product_cat?post=46459"},{"taxonomy":"product_tag","embeddable":true,"href":"https:\/\/estiloromano.smartjoias.com.br\/escolhas\/wp-json\/wp\/v2\/product_tag?post=46459"}],"curies":[{"name":"wp","href":"https:\/\/api.w.org\/{rel}","templated":true}]}}