{"id":46474,"date":"2023-08-27T11:54:55","date_gmt":"2023-08-27T14:54:55","guid":{"rendered":"https:\/\/estiloromano.smartjoias.com.br\/escolhas\/shop\/sem categoria\/brinco-coracao-zirconia-lilas-7mm-banhado-a-ouro\/"},"modified":"2023-11-03T10:04:10","modified_gmt":"2023-11-03T13:04:10","slug":"brinco-coracao-zirconia-lilas-7mm-banhado-a-ouro","status":"publish","type":"product","link":"https:\/\/estiloromano.smartjoias.com.br\/escolhas\/shop\/brincos-coracao-ouro\/brinco-coracao-zirconia-lilas-7mm-banhado-a-ouro\/","title":{"rendered":"Brinco Cora\u00e7\u00e3o Zirc\u00f4nia Lil\u00e1s 7mm &#8211; Banhado a Ouro"},"content":{"rendered":"<p>Brinco Cora\u00e7\u00e3o Zirc\u00f4nia Lil\u00e1s 7mm &#8211; Banhado a Ouro<\/p>\n","protected":false},"excerpt":{"rendered":"<p>Brinco Cora\u00e7\u00e3o Zirc\u00f4nia Lil\u00e1s 7mm &#8211; Banhado a Ouro<\/p>\n","protected":false},"featured_media":0,"template":"","meta":[],"product_cat":[2736],"product_tag":[],"class_list":{"0":"post-46474","1":"product","2":"type-product","3":"status-publish","5":"product_cat-brincos-coracao-ouro","7":"first","8":"instock","9":"shipping-taxable","10":"purchasable","11":"product-type-simple"},"_links":{"self":[{"href":"https:\/\/estiloromano.smartjoias.com.br\/escolhas\/wp-json\/wp\/v2\/product\/46474","targetHints":{"allow":["GET"]}}],"collection":[{"href":"https:\/\/estiloromano.smartjoias.com.br\/escolhas\/wp-json\/wp\/v2\/product"}],"about":[{"href":"https:\/\/estiloromano.smartjoias.com.br\/escolhas\/wp-json\/wp\/v2\/types\/product"}],"wp:attachment":[{"href":"https:\/\/estiloromano.smartjoias.com.br\/escolhas\/wp-json\/wp\/v2\/media?parent=46474"}],"wp:term":[{"taxonomy":"product_cat","embeddable":true,"href":"https:\/\/estiloromano.smartjoias.com.br\/escolhas\/wp-json\/wp\/v2\/product_cat?post=46474"},{"taxonomy":"product_tag","embeddable":true,"href":"https:\/\/estiloromano.smartjoias.com.br\/escolhas\/wp-json\/wp\/v2\/product_tag?post=46474"}],"curies":[{"name":"wp","href":"https:\/\/api.w.org\/{rel}","templated":true}]}}