{"id":46515,"date":"2023-08-27T11:55:46","date_gmt":"2023-08-27T14:55:46","guid":{"rendered":"https:\/\/estiloromano.smartjoias.com.br\/escolhas\/shop\/sem categoria\/berloque-coracao-laco-banhado-a-rodio-branco\/"},"modified":"2023-11-03T10:05:28","modified_gmt":"2023-11-03T13:05:28","slug":"berloque-coracao-laco-banhado-a-rodio-branco","status":"publish","type":"product","link":"https:\/\/estiloromano.smartjoias.com.br\/escolhas\/shop\/berloques\/berloque-coracao-laco-banhado-a-rodio-branco\/","title":{"rendered":"Berloque Cora\u00e7\u00e3o La\u00e7o &#8211; Banhado a R\u00f3dio Branco"},"content":{"rendered":"<p>Berloque Cora\u00e7\u00e3o La\u00e7o &#8211; Banhado a R\u00f3dio Branco<\/p>\n","protected":false},"excerpt":{"rendered":"<p>Berloque Cora\u00e7\u00e3o La\u00e7o &#8211; Banhado a R\u00f3dio Branco<\/p>\n","protected":false},"featured_media":0,"template":"","meta":[],"product_cat":[2783],"product_tag":[],"class_list":{"0":"post-46515","1":"product","2":"type-product","3":"status-publish","5":"product_cat-berloques","7":"first","8":"instock","9":"shipping-taxable","10":"purchasable","11":"product-type-simple"},"_links":{"self":[{"href":"https:\/\/estiloromano.smartjoias.com.br\/escolhas\/wp-json\/wp\/v2\/product\/46515","targetHints":{"allow":["GET"]}}],"collection":[{"href":"https:\/\/estiloromano.smartjoias.com.br\/escolhas\/wp-json\/wp\/v2\/product"}],"about":[{"href":"https:\/\/estiloromano.smartjoias.com.br\/escolhas\/wp-json\/wp\/v2\/types\/product"}],"wp:attachment":[{"href":"https:\/\/estiloromano.smartjoias.com.br\/escolhas\/wp-json\/wp\/v2\/media?parent=46515"}],"wp:term":[{"taxonomy":"product_cat","embeddable":true,"href":"https:\/\/estiloromano.smartjoias.com.br\/escolhas\/wp-json\/wp\/v2\/product_cat?post=46515"},{"taxonomy":"product_tag","embeddable":true,"href":"https:\/\/estiloromano.smartjoias.com.br\/escolhas\/wp-json\/wp\/v2\/product_tag?post=46515"}],"curies":[{"name":"wp","href":"https:\/\/api.w.org\/{rel}","templated":true}]}}