{"id":46593,"date":"2023-08-27T11:57:30","date_gmt":"2023-08-27T14:57:30","guid":{"rendered":"https:\/\/estiloromano.smartjoias.com.br\/escolhas\/shop\/sem categoria\/piercing-fake-2-fios-elos-trancados-e-estrela-com-zirconia-banhado-a-ouro\/"},"modified":"2023-11-03T10:07:57","modified_gmt":"2023-11-03T13:07:57","slug":"piercing-fake-2-fios-elos-trancados-e-estrela-com-zirconia-banhado-a-ouro","status":"publish","type":"product","link":"https:\/\/estiloromano.smartjoias.com.br\/escolhas\/shop\/piercing-fake-ouro\/piercing-fake-2-fios-elos-trancados-e-estrela-com-zirconia-banhado-a-ouro\/","title":{"rendered":"Piercing Fake 2 Fios Elos Tran\u00e7ados e Estrela com Zirc\u00f4nia &#8211; Banhado a Ouro"},"content":{"rendered":"<p>Piercing Fake 2 Fios Elos Tran\u00e7ados e Estrela com Zirc\u00f4nia &#8211; Banhado a Ouro<\/p>\n","protected":false},"excerpt":{"rendered":"<p>Piercing Fake 2 Fios Elos Tran\u00e7ados e Estrela com Zirc\u00f4nia &#8211; Banhado a Ouro<\/p>\n","protected":false},"featured_media":0,"template":"","meta":[],"product_cat":[2748],"product_tag":[],"class_list":{"0":"post-46593","1":"product","2":"type-product","3":"status-publish","5":"product_cat-piercing-fake-ouro","7":"first","8":"instock","9":"shipping-taxable","10":"purchasable","11":"product-type-simple"},"_links":{"self":[{"href":"https:\/\/estiloromano.smartjoias.com.br\/escolhas\/wp-json\/wp\/v2\/product\/46593","targetHints":{"allow":["GET"]}}],"collection":[{"href":"https:\/\/estiloromano.smartjoias.com.br\/escolhas\/wp-json\/wp\/v2\/product"}],"about":[{"href":"https:\/\/estiloromano.smartjoias.com.br\/escolhas\/wp-json\/wp\/v2\/types\/product"}],"wp:attachment":[{"href":"https:\/\/estiloromano.smartjoias.com.br\/escolhas\/wp-json\/wp\/v2\/media?parent=46593"}],"wp:term":[{"taxonomy":"product_cat","embeddable":true,"href":"https:\/\/estiloromano.smartjoias.com.br\/escolhas\/wp-json\/wp\/v2\/product_cat?post=46593"},{"taxonomy":"product_tag","embeddable":true,"href":"https:\/\/estiloromano.smartjoias.com.br\/escolhas\/wp-json\/wp\/v2\/product_tag?post=46593"}],"curies":[{"name":"wp","href":"https:\/\/api.w.org\/{rel}","templated":true}]}}