{"id":46627,"date":"2023-08-27T11:58:16","date_gmt":"2023-08-27T14:58:16","guid":{"rendered":"https:\/\/estiloromano.smartjoias.com.br\/escolhas\/shop\/sem categoria\/anel-solitario-perola-banhado-a-ouro-tamanho21\/"},"modified":"2023-11-03T10:09:16","modified_gmt":"2023-11-03T13:09:16","slug":"anel-solitario-perola-banhado-a-ouro-tamanho21","status":"publish","type":"product","link":"https:\/\/estiloromano.smartjoias.com.br\/escolhas\/shop\/aneis-solitario-ouro\/anel-solitario-perola-banhado-a-ouro-tamanho21\/","title":{"rendered":"Anel Solit\u00e1rio P\u00e9rola &#8211; Banhado a Ouro Tamanho:21"},"content":{"rendered":"<p>Anel Solit\u00e1rio P\u00e9rola &#8211; Banhado a Ouro Tamanho:21<\/p>\n","protected":false},"excerpt":{"rendered":"<p>Anel Solit\u00e1rio P\u00e9rola &#8211; Banhado a Ouro Tamanho:21<\/p>\n","protected":false},"featured_media":0,"template":"","meta":[],"product_cat":[2811],"product_tag":[],"class_list":{"0":"post-46627","1":"product","2":"type-product","3":"status-publish","5":"product_cat-aneis-solitario-ouro","7":"first","8":"instock","9":"shipping-taxable","10":"purchasable","11":"product-type-simple"},"_links":{"self":[{"href":"https:\/\/estiloromano.smartjoias.com.br\/escolhas\/wp-json\/wp\/v2\/product\/46627","targetHints":{"allow":["GET"]}}],"collection":[{"href":"https:\/\/estiloromano.smartjoias.com.br\/escolhas\/wp-json\/wp\/v2\/product"}],"about":[{"href":"https:\/\/estiloromano.smartjoias.com.br\/escolhas\/wp-json\/wp\/v2\/types\/product"}],"wp:attachment":[{"href":"https:\/\/estiloromano.smartjoias.com.br\/escolhas\/wp-json\/wp\/v2\/media?parent=46627"}],"wp:term":[{"taxonomy":"product_cat","embeddable":true,"href":"https:\/\/estiloromano.smartjoias.com.br\/escolhas\/wp-json\/wp\/v2\/product_cat?post=46627"},{"taxonomy":"product_tag","embeddable":true,"href":"https:\/\/estiloromano.smartjoias.com.br\/escolhas\/wp-json\/wp\/v2\/product_tag?post=46627"}],"curies":[{"name":"wp","href":"https:\/\/api.w.org\/{rel}","templated":true}]}}