{"id":46680,"date":"2023-08-27T11:59:24","date_gmt":"2023-08-27T14:59:24","guid":{"rendered":"https:\/\/estiloromano.smartjoias.com.br\/escolhas\/shop\/sem categoria\/brinco-argolinha-coracao-cravejado-duplo-p-banhado-a-ouro\/"},"modified":"2023-11-03T10:11:25","modified_gmt":"2023-11-03T13:11:25","slug":"brinco-argolinha-coracao-cravejado-duplo-p-banhado-a-ouro","status":"publish","type":"product","link":"https:\/\/estiloromano.smartjoias.com.br\/escolhas\/shop\/brincos-argolinha-ouro\/brinco-argolinha-coracao-cravejado-duplo-p-banhado-a-ouro\/","title":{"rendered":"Brinco Argolinha Cora\u00e7\u00e3o Cravejado Duplo P &#8211; Banhado a Ouro"},"content":{"rendered":"<p>Brinco Argolinha Cora\u00e7\u00e3o Cravejado Duplo P &#8211; Banhado a Ouro<\/p>\n","protected":false},"excerpt":{"rendered":"<p>Brinco Argolinha Cora\u00e7\u00e3o Cravejado Duplo P &#8211; Banhado a Ouro<\/p>\n","protected":false},"featured_media":0,"template":"","meta":[],"product_cat":[2737],"product_tag":[],"class_list":{"0":"post-46680","1":"product","2":"type-product","3":"status-publish","5":"product_cat-brincos-argolinha-ouro","7":"first","8":"instock","9":"shipping-taxable","10":"purchasable","11":"product-type-simple"},"_links":{"self":[{"href":"https:\/\/estiloromano.smartjoias.com.br\/escolhas\/wp-json\/wp\/v2\/product\/46680","targetHints":{"allow":["GET"]}}],"collection":[{"href":"https:\/\/estiloromano.smartjoias.com.br\/escolhas\/wp-json\/wp\/v2\/product"}],"about":[{"href":"https:\/\/estiloromano.smartjoias.com.br\/escolhas\/wp-json\/wp\/v2\/types\/product"}],"wp:attachment":[{"href":"https:\/\/estiloromano.smartjoias.com.br\/escolhas\/wp-json\/wp\/v2\/media?parent=46680"}],"wp:term":[{"taxonomy":"product_cat","embeddable":true,"href":"https:\/\/estiloromano.smartjoias.com.br\/escolhas\/wp-json\/wp\/v2\/product_cat?post=46680"},{"taxonomy":"product_tag","embeddable":true,"href":"https:\/\/estiloromano.smartjoias.com.br\/escolhas\/wp-json\/wp\/v2\/product_tag?post=46680"}],"curies":[{"name":"wp","href":"https:\/\/api.w.org\/{rel}","templated":true}]}}