{"id":46827,"date":"2023-08-27T12:02:42","date_gmt":"2023-08-27T15:02:42","guid":{"rendered":"https:\/\/estiloromano.smartjoias.com.br\/escolhas\/shop\/sem categoria\/tornozeleira-coracao-banhado-a-ouro\/"},"modified":"2023-11-03T10:16:16","modified_gmt":"2023-11-03T13:16:16","slug":"tornozeleira-coracao-banhado-a-ouro","status":"publish","type":"product","link":"https:\/\/estiloromano.smartjoias.com.br\/escolhas\/shop\/tornozeleira-ouro\/tornozeleira-coracao-banhado-a-ouro\/","title":{"rendered":"Tornozeleira Cora\u00e7\u00e3o &#8211; Banhado a Ouro"},"content":{"rendered":"<p>Tornozeleira Cora\u00e7\u00e3o &#8211; Banhado a Ouro<\/p>\n","protected":false},"excerpt":{"rendered":"<p>Tornozeleira Cora\u00e7\u00e3o &#8211; Banhado a Ouro<\/p>\n","protected":false},"featured_media":0,"template":"","meta":[],"product_cat":[2750],"product_tag":[],"class_list":{"0":"post-46827","1":"product","2":"type-product","3":"status-publish","5":"product_cat-tornozeleira-ouro","7":"first","8":"instock","9":"shipping-taxable","10":"purchasable","11":"product-type-simple"},"_links":{"self":[{"href":"https:\/\/estiloromano.smartjoias.com.br\/escolhas\/wp-json\/wp\/v2\/product\/46827","targetHints":{"allow":["GET"]}}],"collection":[{"href":"https:\/\/estiloromano.smartjoias.com.br\/escolhas\/wp-json\/wp\/v2\/product"}],"about":[{"href":"https:\/\/estiloromano.smartjoias.com.br\/escolhas\/wp-json\/wp\/v2\/types\/product"}],"wp:attachment":[{"href":"https:\/\/estiloromano.smartjoias.com.br\/escolhas\/wp-json\/wp\/v2\/media?parent=46827"}],"wp:term":[{"taxonomy":"product_cat","embeddable":true,"href":"https:\/\/estiloromano.smartjoias.com.br\/escolhas\/wp-json\/wp\/v2\/product_cat?post=46827"},{"taxonomy":"product_tag","embeddable":true,"href":"https:\/\/estiloromano.smartjoias.com.br\/escolhas\/wp-json\/wp\/v2\/product_tag?post=46827"}],"curies":[{"name":"wp","href":"https:\/\/api.w.org\/{rel}","templated":true}]}}