{"id":46828,"date":"2023-08-27T12:02:44","date_gmt":"2023-08-27T15:02:44","guid":{"rendered":"https:\/\/estiloromano.smartjoias.com.br\/escolhas\/shop\/sem categoria\/pingente-sao-bento-lado-unico-banhado-a-rodio-branco\/"},"modified":"2023-11-03T10:16:17","modified_gmt":"2023-11-03T13:16:17","slug":"pingente-sao-bento-lado-unico-banhado-a-rodio-branco","status":"publish","type":"product","link":"https:\/\/estiloromano.smartjoias.com.br\/escolhas\/shop\/banho-rodio-branco\/pingente-sao-bento-lado-unico-banhado-a-rodio-branco\/","title":{"rendered":"Pingente S\u00e3o Bento Lado \u00danico &#8211; Banhado a R\u00f3dio Branco"},"content":{"rendered":"<p>Pingente S\u00e3o Bento Lado \u00danico &#8211; Banhado a R\u00f3dio Branco<\/p>\n","protected":false},"excerpt":{"rendered":"<p>Pingente S\u00e3o Bento Lado \u00danico &#8211; Banhado a R\u00f3dio Branco<\/p>\n","protected":false},"featured_media":0,"template":"","meta":[],"product_cat":[2755],"product_tag":[],"class_list":{"0":"post-46828","1":"product","2":"type-product","3":"status-publish","5":"product_cat-banho-rodio-branco","7":"first","8":"instock","9":"shipping-taxable","10":"purchasable","11":"product-type-simple"},"_links":{"self":[{"href":"https:\/\/estiloromano.smartjoias.com.br\/escolhas\/wp-json\/wp\/v2\/product\/46828","targetHints":{"allow":["GET"]}}],"collection":[{"href":"https:\/\/estiloromano.smartjoias.com.br\/escolhas\/wp-json\/wp\/v2\/product"}],"about":[{"href":"https:\/\/estiloromano.smartjoias.com.br\/escolhas\/wp-json\/wp\/v2\/types\/product"}],"wp:attachment":[{"href":"https:\/\/estiloromano.smartjoias.com.br\/escolhas\/wp-json\/wp\/v2\/media?parent=46828"}],"wp:term":[{"taxonomy":"product_cat","embeddable":true,"href":"https:\/\/estiloromano.smartjoias.com.br\/escolhas\/wp-json\/wp\/v2\/product_cat?post=46828"},{"taxonomy":"product_tag","embeddable":true,"href":"https:\/\/estiloromano.smartjoias.com.br\/escolhas\/wp-json\/wp\/v2\/product_tag?post=46828"}],"curies":[{"name":"wp","href":"https:\/\/api.w.org\/{rel}","templated":true}]}}