{"id":46858,"date":"2023-08-27T12:03:22","date_gmt":"2023-08-27T15:03:22","guid":{"rendered":"https:\/\/estiloromano.smartjoias.com.br\/escolhas\/shop\/sem categoria\/bracelete-coracoes-zirconias-banhado-a-ouro\/"},"modified":"2023-11-03T10:17:14","modified_gmt":"2023-11-03T13:17:14","slug":"bracelete-coracoes-zirconias-banhado-a-ouro","status":"publish","type":"product","link":"https:\/\/estiloromano.smartjoias.com.br\/escolhas\/shop\/braceletes-ouro\/bracelete-coracoes-zirconias-banhado-a-ouro\/","title":{"rendered":"Bracelete Cora\u00e7\u00f5es Zirc\u00f4nias &#8211; Banhado a Ouro"},"content":{"rendered":"<p>Bracelete Cora\u00e7\u00f5es Zirc\u00f4nias &#8211; Banhado a Ouro<\/p>\n","protected":false},"excerpt":{"rendered":"<p>Bracelete Cora\u00e7\u00f5es Zirc\u00f4nias &#8211; Banhado a Ouro<\/p>\n","protected":false},"featured_media":0,"template":"","meta":[],"product_cat":[2806],"product_tag":[],"class_list":{"0":"post-46858","1":"product","2":"type-product","3":"status-publish","5":"product_cat-braceletes-ouro","7":"first","8":"instock","9":"shipping-taxable","10":"purchasable","11":"product-type-simple"},"_links":{"self":[{"href":"https:\/\/estiloromano.smartjoias.com.br\/escolhas\/wp-json\/wp\/v2\/product\/46858","targetHints":{"allow":["GET"]}}],"collection":[{"href":"https:\/\/estiloromano.smartjoias.com.br\/escolhas\/wp-json\/wp\/v2\/product"}],"about":[{"href":"https:\/\/estiloromano.smartjoias.com.br\/escolhas\/wp-json\/wp\/v2\/types\/product"}],"wp:attachment":[{"href":"https:\/\/estiloromano.smartjoias.com.br\/escolhas\/wp-json\/wp\/v2\/media?parent=46858"}],"wp:term":[{"taxonomy":"product_cat","embeddable":true,"href":"https:\/\/estiloromano.smartjoias.com.br\/escolhas\/wp-json\/wp\/v2\/product_cat?post=46858"},{"taxonomy":"product_tag","embeddable":true,"href":"https:\/\/estiloromano.smartjoias.com.br\/escolhas\/wp-json\/wp\/v2\/product_tag?post=46858"}],"curies":[{"name":"wp","href":"https:\/\/api.w.org\/{rel}","templated":true}]}}