{"id":46893,"date":"2023-08-27T12:04:12","date_gmt":"2023-08-27T15:04:12","guid":{"rendered":"https:\/\/estiloromano.smartjoias.com.br\/escolhas\/shop\/sem categoria\/anel-regulavel-borboletas-e-zirconia-banhado-a-ouro\/"},"modified":"2023-10-30T00:40:39","modified_gmt":"2023-10-30T03:40:39","slug":"anel-regulavel-borboletas-e-zirconia-banhado-a-ouro","status":"publish","type":"product","link":"https:\/\/estiloromano.smartjoias.com.br\/escolhas\/shop\/aneis-ouro\/anel-regulavel-borboletas-e-zirconia-banhado-a-ouro\/","title":{"rendered":"Anel Regul\u00e1vel Borboletas e Zirc\u00f4nia &#8211; Banhado a Ouro"},"content":{"rendered":"<p>Anel Regul\u00e1vel Borboletas e Zirc\u00f4nia &#8211; Banhado a Ouro<\/p>\n","protected":false},"excerpt":{"rendered":"<p>Anel Regul\u00e1vel Borboletas e Zirc\u00f4nia &#8211; Banhado a Ouro<\/p>\n","protected":false},"featured_media":0,"template":"","meta":[],"product_cat":[2746],"product_tag":[],"class_list":{"0":"post-46893","1":"product","2":"type-product","3":"status-publish","5":"product_cat-aneis-ouro","7":"first","8":"instock","9":"shipping-taxable","10":"purchasable","11":"product-type-simple"},"_links":{"self":[{"href":"https:\/\/estiloromano.smartjoias.com.br\/escolhas\/wp-json\/wp\/v2\/product\/46893","targetHints":{"allow":["GET"]}}],"collection":[{"href":"https:\/\/estiloromano.smartjoias.com.br\/escolhas\/wp-json\/wp\/v2\/product"}],"about":[{"href":"https:\/\/estiloromano.smartjoias.com.br\/escolhas\/wp-json\/wp\/v2\/types\/product"}],"wp:attachment":[{"href":"https:\/\/estiloromano.smartjoias.com.br\/escolhas\/wp-json\/wp\/v2\/media?parent=46893"}],"wp:term":[{"taxonomy":"product_cat","embeddable":true,"href":"https:\/\/estiloromano.smartjoias.com.br\/escolhas\/wp-json\/wp\/v2\/product_cat?post=46893"},{"taxonomy":"product_tag","embeddable":true,"href":"https:\/\/estiloromano.smartjoias.com.br\/escolhas\/wp-json\/wp\/v2\/product_tag?post=46893"}],"curies":[{"name":"wp","href":"https:\/\/api.w.org\/{rel}","templated":true}]}}