{"id":46910,"date":"2023-08-27T12:04:36","date_gmt":"2023-08-27T15:04:36","guid":{"rendered":"https:\/\/estiloromano.smartjoias.com.br\/escolhas\/shop\/sem categoria\/anel-solitario-infantil-banhado-a-rodio-branco-tamanho-8\/"},"modified":"2023-10-30T00:41:10","modified_gmt":"2023-10-30T03:41:10","slug":"anel-solitario-infantil-banhado-a-rodio-branco-tamanho-8","status":"publish","type":"product","link":"https:\/\/estiloromano.smartjoias.com.br\/escolhas\/shop\/aneis-infantis-rodio-branco\/anel-solitario-infantil-banhado-a-rodio-branco-tamanho-8\/","title":{"rendered":"Anel Solit\u00e1rio Infantil &#8211; Banhado a R\u00f3dio Branco Tamanho: 8"},"content":{"rendered":"<p>Anel Solit\u00e1rio Infantil &#8211; Banhado a R\u00f3dio Branco Tamanho: 8<\/p>\n","protected":false},"excerpt":{"rendered":"<p>Anel Solit\u00e1rio Infantil &#8211; Banhado a R\u00f3dio Branco Tamanho: 8<\/p>\n","protected":false},"featured_media":0,"template":"","meta":[],"product_cat":[2703],"product_tag":[],"class_list":{"0":"post-46910","1":"product","2":"type-product","3":"status-publish","5":"product_cat-aneis-infantis-rodio-branco","7":"first","8":"instock","9":"shipping-taxable","10":"purchasable","11":"product-type-simple"},"_links":{"self":[{"href":"https:\/\/estiloromano.smartjoias.com.br\/escolhas\/wp-json\/wp\/v2\/product\/46910","targetHints":{"allow":["GET"]}}],"collection":[{"href":"https:\/\/estiloromano.smartjoias.com.br\/escolhas\/wp-json\/wp\/v2\/product"}],"about":[{"href":"https:\/\/estiloromano.smartjoias.com.br\/escolhas\/wp-json\/wp\/v2\/types\/product"}],"wp:attachment":[{"href":"https:\/\/estiloromano.smartjoias.com.br\/escolhas\/wp-json\/wp\/v2\/media?parent=46910"}],"wp:term":[{"taxonomy":"product_cat","embeddable":true,"href":"https:\/\/estiloromano.smartjoias.com.br\/escolhas\/wp-json\/wp\/v2\/product_cat?post=46910"},{"taxonomy":"product_tag","embeddable":true,"href":"https:\/\/estiloromano.smartjoias.com.br\/escolhas\/wp-json\/wp\/v2\/product_tag?post=46910"}],"curies":[{"name":"wp","href":"https:\/\/api.w.org\/{rel}","templated":true}]}}