{"id":46930,"date":"2023-08-27T12:05:01","date_gmt":"2023-08-27T15:05:01","guid":{"rendered":"https:\/\/estiloromano.smartjoias.com.br\/escolhas\/shop\/sem categoria\/anel-solitario-com-microzirconias-ao-redor-banhado-a-rodio-branco-tamanho20\/"},"modified":"2023-10-30T00:41:45","modified_gmt":"2023-10-30T03:41:45","slug":"anel-solitario-com-microzirconias-ao-redor-banhado-a-rodio-branco-tamanho20","status":"publish","type":"product","link":"https:\/\/estiloromano.smartjoias.com.br\/escolhas\/shop\/aneis-solitario-rodio-branco\/anel-solitario-com-microzirconias-ao-redor-banhado-a-rodio-branco-tamanho20\/","title":{"rendered":"Anel Solit\u00e1rio com Microzirc\u00f4nias ao Redor &#8211; Banhado a R\u00f3dio Branco Tamanho:20"},"content":{"rendered":"<p>Anel Solit\u00e1rio com Microzirc\u00f4nias ao Redor &#8211; Banhado a R\u00f3dio Branco Tamanho:20<\/p>\n","protected":false},"excerpt":{"rendered":"<p>Anel Solit\u00e1rio com Microzirc\u00f4nias ao Redor &#8211; Banhado a R\u00f3dio Branco Tamanho:20<\/p>\n","protected":false},"featured_media":0,"template":"","meta":[],"product_cat":[2816],"product_tag":[],"class_list":{"0":"post-46930","1":"product","2":"type-product","3":"status-publish","5":"product_cat-aneis-solitario-rodio-branco","7":"first","8":"instock","9":"shipping-taxable","10":"purchasable","11":"product-type-simple"},"_links":{"self":[{"href":"https:\/\/estiloromano.smartjoias.com.br\/escolhas\/wp-json\/wp\/v2\/product\/46930","targetHints":{"allow":["GET"]}}],"collection":[{"href":"https:\/\/estiloromano.smartjoias.com.br\/escolhas\/wp-json\/wp\/v2\/product"}],"about":[{"href":"https:\/\/estiloromano.smartjoias.com.br\/escolhas\/wp-json\/wp\/v2\/types\/product"}],"wp:attachment":[{"href":"https:\/\/estiloromano.smartjoias.com.br\/escolhas\/wp-json\/wp\/v2\/media?parent=46930"}],"wp:term":[{"taxonomy":"product_cat","embeddable":true,"href":"https:\/\/estiloromano.smartjoias.com.br\/escolhas\/wp-json\/wp\/v2\/product_cat?post=46930"},{"taxonomy":"product_tag","embeddable":true,"href":"https:\/\/estiloromano.smartjoias.com.br\/escolhas\/wp-json\/wp\/v2\/product_tag?post=46930"}],"curies":[{"name":"wp","href":"https:\/\/api.w.org\/{rel}","templated":true}]}}