{"id":46976,"date":"2023-08-28T10:59:15","date_gmt":"2023-08-28T13:59:15","guid":{"rendered":"https:\/\/estiloromano.smartjoias.com.br\/escolhas\/shop\/sem categoria\/anel-solitario-com-microzirconias-ao-redor-banhado-a-ouro-tamanho23\/"},"modified":"2023-10-30T00:43:04","modified_gmt":"2023-10-30T03:43:04","slug":"anel-solitario-com-microzirconias-ao-redor-banhado-a-ouro-tamanho23","status":"publish","type":"product","link":"https:\/\/estiloromano.smartjoias.com.br\/escolhas\/shop\/aneis-solitario-ouro\/anel-solitario-com-microzirconias-ao-redor-banhado-a-ouro-tamanho23\/","title":{"rendered":"Anel Solit\u00e1rio com Microzirc\u00f4nias ao Redor &#8211; Banhado a Ouro Tamanho:23"},"content":{"rendered":"<p>Anel Solit\u00e1rio com Microzirc\u00f4nias ao Redor &#8211; Banhado a Ouro Tamanho:23<\/p>\n","protected":false},"excerpt":{"rendered":"<p>Anel Solit\u00e1rio com Microzirc\u00f4nias ao Redor &#8211; Banhado a Ouro Tamanho:23<\/p>\n","protected":false},"featured_media":0,"template":"","meta":[],"product_cat":[2811],"product_tag":[],"class_list":{"0":"post-46976","1":"product","2":"type-product","3":"status-publish","5":"product_cat-aneis-solitario-ouro","7":"first","8":"instock","9":"shipping-taxable","10":"purchasable","11":"product-type-simple"},"_links":{"self":[{"href":"https:\/\/estiloromano.smartjoias.com.br\/escolhas\/wp-json\/wp\/v2\/product\/46976","targetHints":{"allow":["GET"]}}],"collection":[{"href":"https:\/\/estiloromano.smartjoias.com.br\/escolhas\/wp-json\/wp\/v2\/product"}],"about":[{"href":"https:\/\/estiloromano.smartjoias.com.br\/escolhas\/wp-json\/wp\/v2\/types\/product"}],"wp:attachment":[{"href":"https:\/\/estiloromano.smartjoias.com.br\/escolhas\/wp-json\/wp\/v2\/media?parent=46976"}],"wp:term":[{"taxonomy":"product_cat","embeddable":true,"href":"https:\/\/estiloromano.smartjoias.com.br\/escolhas\/wp-json\/wp\/v2\/product_cat?post=46976"},{"taxonomy":"product_tag","embeddable":true,"href":"https:\/\/estiloromano.smartjoias.com.br\/escolhas\/wp-json\/wp\/v2\/product_tag?post=46976"}],"curies":[{"name":"wp","href":"https:\/\/api.w.org\/{rel}","templated":true}]}}