{"id":47071,"date":"2023-08-28T11:01:05","date_gmt":"2023-08-28T14:01:05","guid":{"rendered":"https:\/\/estiloromano.smartjoias.com.br\/escolhas\/shop\/sem categoria\/brinco-flor-zirconias-coloridas-banhado-a-rodio-branco\/"},"modified":"2023-10-28T16:31:57","modified_gmt":"2023-10-28T19:31:57","slug":"brinco-flor-zirconias-coloridas-banhado-a-rodio-branco","status":"publish","type":"product","link":"https:\/\/estiloromano.smartjoias.com.br\/escolhas\/shop\/brincos-com-zirconia-rodio-branco\/brinco-flor-zirconias-coloridas-banhado-a-rodio-branco\/","title":{"rendered":"Brinco Flor Zirc\u00f4nias Coloridas &#8211; Banhado a R\u00f3dio Branco"},"content":{"rendered":"<p>Brinco Flor Zirc\u00f4nias Coloridas &#8211; Banhado a R\u00f3dio Branco<\/p>\n","protected":false},"excerpt":{"rendered":"<p>Brinco Flor Zirc\u00f4nias Coloridas &#8211; Banhado a R\u00f3dio Branco<\/p>\n","protected":false},"featured_media":0,"template":"","meta":[],"product_cat":[2761],"product_tag":[],"class_list":{"0":"post-47071","1":"product","2":"type-product","3":"status-publish","5":"product_cat-brincos-com-zirconia-rodio-branco","7":"first","8":"instock","9":"shipping-taxable","10":"purchasable","11":"product-type-simple"},"_links":{"self":[{"href":"https:\/\/estiloromano.smartjoias.com.br\/escolhas\/wp-json\/wp\/v2\/product\/47071","targetHints":{"allow":["GET"]}}],"collection":[{"href":"https:\/\/estiloromano.smartjoias.com.br\/escolhas\/wp-json\/wp\/v2\/product"}],"about":[{"href":"https:\/\/estiloromano.smartjoias.com.br\/escolhas\/wp-json\/wp\/v2\/types\/product"}],"wp:attachment":[{"href":"https:\/\/estiloromano.smartjoias.com.br\/escolhas\/wp-json\/wp\/v2\/media?parent=47071"}],"wp:term":[{"taxonomy":"product_cat","embeddable":true,"href":"https:\/\/estiloromano.smartjoias.com.br\/escolhas\/wp-json\/wp\/v2\/product_cat?post=47071"},{"taxonomy":"product_tag","embeddable":true,"href":"https:\/\/estiloromano.smartjoias.com.br\/escolhas\/wp-json\/wp\/v2\/product_tag?post=47071"}],"curies":[{"name":"wp","href":"https:\/\/api.w.org\/{rel}","templated":true}]}}