{"id":47127,"date":"2023-08-28T11:02:05","date_gmt":"2023-08-28T14:02:05","guid":{"rendered":"https:\/\/estiloromano.smartjoias.com.br\/escolhas\/shop\/sem categoria\/choker-coracoes-vazados-banhado-a-rodio-branco\/"},"modified":"2023-10-28T16:33:19","modified_gmt":"2023-10-28T19:33:19","slug":"choker-coracoes-vazados-banhado-a-rodio-branco","status":"publish","type":"product","link":"https:\/\/estiloromano.smartjoias.com.br\/escolhas\/shop\/choker-rodio-branco\/choker-coracoes-vazados-banhado-a-rodio-branco\/","title":{"rendered":"Choker Cora\u00e7\u00f5es Vazados &#8211; Banhado a R\u00f3dio Branco"},"content":{"rendered":"<p>Choker Cora\u00e7\u00f5es Vazados &#8211; Banhado a R\u00f3dio Branco<\/p>\n","protected":false},"excerpt":{"rendered":"<p>Choker Cora\u00e7\u00f5es Vazados &#8211; Banhado a R\u00f3dio Branco<\/p>\n","protected":false},"featured_media":0,"template":"","meta":[],"product_cat":[2765],"product_tag":[],"class_list":{"0":"post-47127","1":"product","2":"type-product","3":"status-publish","5":"product_cat-choker-rodio-branco","7":"first","8":"instock","9":"shipping-taxable","10":"purchasable","11":"product-type-simple"},"_links":{"self":[{"href":"https:\/\/estiloromano.smartjoias.com.br\/escolhas\/wp-json\/wp\/v2\/product\/47127","targetHints":{"allow":["GET"]}}],"collection":[{"href":"https:\/\/estiloromano.smartjoias.com.br\/escolhas\/wp-json\/wp\/v2\/product"}],"about":[{"href":"https:\/\/estiloromano.smartjoias.com.br\/escolhas\/wp-json\/wp\/v2\/types\/product"}],"wp:attachment":[{"href":"https:\/\/estiloromano.smartjoias.com.br\/escolhas\/wp-json\/wp\/v2\/media?parent=47127"}],"wp:term":[{"taxonomy":"product_cat","embeddable":true,"href":"https:\/\/estiloromano.smartjoias.com.br\/escolhas\/wp-json\/wp\/v2\/product_cat?post=47127"},{"taxonomy":"product_tag","embeddable":true,"href":"https:\/\/estiloromano.smartjoias.com.br\/escolhas\/wp-json\/wp\/v2\/product_tag?post=47127"}],"curies":[{"name":"wp","href":"https:\/\/api.w.org\/{rel}","templated":true}]}}