{"id":47130,"date":"2023-08-28T11:02:08","date_gmt":"2023-08-28T14:02:08","guid":{"rendered":"https:\/\/estiloromano.smartjoias.com.br\/escolhas\/shop\/sem categoria\/pulseira-menina-com-coracao-cravejado-banhado-a-rodio-branco\/"},"modified":"2023-10-28T16:33:23","modified_gmt":"2023-10-28T19:33:23","slug":"pulseira-menina-com-coracao-cravejado-banhado-a-rodio-branco","status":"publish","type":"product","link":"https:\/\/estiloromano.smartjoias.com.br\/escolhas\/shop\/pulseiras-de-filhos-rodio-branco\/pulseira-menina-com-coracao-cravejado-banhado-a-rodio-branco\/","title":{"rendered":"Pulseira Menina com Cora\u00e7\u00e3o Cravejado &#8211; Banhado a R\u00f3dio Branco"},"content":{"rendered":"<p>Pulseira Menina com Cora\u00e7\u00e3o Cravejado &#8211; Banhado a R\u00f3dio Branco<\/p>\n","protected":false},"excerpt":{"rendered":"<p>Pulseira Menina com Cora\u00e7\u00e3o Cravejado &#8211; Banhado a R\u00f3dio Branco<\/p>\n","protected":false},"featured_media":0,"template":"","meta":[],"product_cat":[2694],"product_tag":[],"class_list":{"0":"post-47130","1":"product","2":"type-product","3":"status-publish","5":"product_cat-pulseiras-de-filhos-rodio-branco","7":"first","8":"instock","9":"shipping-taxable","10":"purchasable","11":"product-type-simple"},"_links":{"self":[{"href":"https:\/\/estiloromano.smartjoias.com.br\/escolhas\/wp-json\/wp\/v2\/product\/47130","targetHints":{"allow":["GET"]}}],"collection":[{"href":"https:\/\/estiloromano.smartjoias.com.br\/escolhas\/wp-json\/wp\/v2\/product"}],"about":[{"href":"https:\/\/estiloromano.smartjoias.com.br\/escolhas\/wp-json\/wp\/v2\/types\/product"}],"wp:attachment":[{"href":"https:\/\/estiloromano.smartjoias.com.br\/escolhas\/wp-json\/wp\/v2\/media?parent=47130"}],"wp:term":[{"taxonomy":"product_cat","embeddable":true,"href":"https:\/\/estiloromano.smartjoias.com.br\/escolhas\/wp-json\/wp\/v2\/product_cat?post=47130"},{"taxonomy":"product_tag","embeddable":true,"href":"https:\/\/estiloromano.smartjoias.com.br\/escolhas\/wp-json\/wp\/v2\/product_tag?post=47130"}],"curies":[{"name":"wp","href":"https:\/\/api.w.org\/{rel}","templated":true}]}}