{"id":47172,"date":"2023-08-28T11:02:55","date_gmt":"2023-08-28T14:02:55","guid":{"rendered":"https:\/\/estiloromano.smartjoias.com.br\/escolhas\/shop\/sem categoria\/anel-solitario-com-zirconia-banhado-a-ouro-22k-tamanho21\/"},"modified":"2023-10-28T16:34:21","modified_gmt":"2023-10-28T19:34:21","slug":"anel-solitario-com-zirconia-banhado-a-ouro-22k-tamanho21","status":"publish","type":"product","link":"https:\/\/estiloromano.smartjoias.com.br\/escolhas\/shop\/aneis-solitario-ouro\/anel-solitario-com-zirconia-banhado-a-ouro-22k-tamanho21\/","title":{"rendered":"Anel Solit\u00e1rio com Zirc\u00f4nia &#8211; Banhado a Ouro 22k Tamanho:21"},"content":{"rendered":"<p>Anel Solit\u00e1rio com Zirc\u00f4nia &#8211; Banhado a Ouro 22k Tamanho:21<\/p>\n","protected":false},"excerpt":{"rendered":"<p>Anel Solit\u00e1rio com Zirc\u00f4nia &#8211; Banhado a Ouro 22k Tamanho:21<\/p>\n","protected":false},"featured_media":0,"template":"","meta":[],"product_cat":[2811],"product_tag":[],"class_list":{"0":"post-47172","1":"product","2":"type-product","3":"status-publish","5":"product_cat-aneis-solitario-ouro","7":"first","8":"instock","9":"shipping-taxable","10":"purchasable","11":"product-type-simple"},"_links":{"self":[{"href":"https:\/\/estiloromano.smartjoias.com.br\/escolhas\/wp-json\/wp\/v2\/product\/47172","targetHints":{"allow":["GET"]}}],"collection":[{"href":"https:\/\/estiloromano.smartjoias.com.br\/escolhas\/wp-json\/wp\/v2\/product"}],"about":[{"href":"https:\/\/estiloromano.smartjoias.com.br\/escolhas\/wp-json\/wp\/v2\/types\/product"}],"wp:attachment":[{"href":"https:\/\/estiloromano.smartjoias.com.br\/escolhas\/wp-json\/wp\/v2\/media?parent=47172"}],"wp:term":[{"taxonomy":"product_cat","embeddable":true,"href":"https:\/\/estiloromano.smartjoias.com.br\/escolhas\/wp-json\/wp\/v2\/product_cat?post=47172"},{"taxonomy":"product_tag","embeddable":true,"href":"https:\/\/estiloromano.smartjoias.com.br\/escolhas\/wp-json\/wp\/v2\/product_tag?post=47172"}],"curies":[{"name":"wp","href":"https:\/\/api.w.org\/{rel}","templated":true}]}}