{"id":47230,"date":"2023-08-28T11:04:02","date_gmt":"2023-08-28T14:04:02","guid":{"rendered":"https:\/\/estiloromano.smartjoias.com.br\/escolhas\/shop\/sem categoria\/meia-alianca-coracoes-com-zirconias-banhado-a-ouro-tamanho21\/"},"modified":"2023-10-28T16:35:46","modified_gmt":"2023-10-28T19:35:46","slug":"meia-alianca-coracoes-com-zirconias-banhado-a-ouro-tamanho21","status":"publish","type":"product","link":"https:\/\/estiloromano.smartjoias.com.br\/escolhas\/shop\/meia-alianca-ouro\/meia-alianca-coracoes-com-zirconias-banhado-a-ouro-tamanho21\/","title":{"rendered":"Meia Alian\u00e7a Cora\u00e7\u00f5es com Zirc\u00f4nias &#8211; Banhado a Ouro Tamanho:21"},"content":{"rendered":"<p>Meia Alian\u00e7a Cora\u00e7\u00f5es com Zirc\u00f4nias &#8211; Banhado a Ouro Tamanho:21<\/p>\n","protected":false},"excerpt":{"rendered":"<p>Meia Alian\u00e7a Cora\u00e7\u00f5es com Zirc\u00f4nias &#8211; Banhado a Ouro Tamanho:21<\/p>\n","protected":false},"featured_media":0,"template":"","meta":[],"product_cat":[2812],"product_tag":[],"class_list":{"0":"post-47230","1":"product","2":"type-product","3":"status-publish","5":"product_cat-meia-alianca-ouro","7":"first","8":"instock","9":"shipping-taxable","10":"purchasable","11":"product-type-simple"},"_links":{"self":[{"href":"https:\/\/estiloromano.smartjoias.com.br\/escolhas\/wp-json\/wp\/v2\/product\/47230","targetHints":{"allow":["GET"]}}],"collection":[{"href":"https:\/\/estiloromano.smartjoias.com.br\/escolhas\/wp-json\/wp\/v2\/product"}],"about":[{"href":"https:\/\/estiloromano.smartjoias.com.br\/escolhas\/wp-json\/wp\/v2\/types\/product"}],"wp:attachment":[{"href":"https:\/\/estiloromano.smartjoias.com.br\/escolhas\/wp-json\/wp\/v2\/media?parent=47230"}],"wp:term":[{"taxonomy":"product_cat","embeddable":true,"href":"https:\/\/estiloromano.smartjoias.com.br\/escolhas\/wp-json\/wp\/v2\/product_cat?post=47230"},{"taxonomy":"product_tag","embeddable":true,"href":"https:\/\/estiloromano.smartjoias.com.br\/escolhas\/wp-json\/wp\/v2\/product_tag?post=47230"}],"curies":[{"name":"wp","href":"https:\/\/api.w.org\/{rel}","templated":true}]}}