{"id":47239,"date":"2023-08-28T11:04:15","date_gmt":"2023-08-28T14:04:15","guid":{"rendered":"https:\/\/estiloromano.smartjoias.com.br\/escolhas\/shop\/sem categoria\/anel-meia-alianca-com-zirconias-banhado-a-ouro-22k-tamanho17-2\/"},"modified":"2023-10-28T16:35:58","modified_gmt":"2023-10-28T19:35:58","slug":"anel-meia-alianca-com-zirconias-banhado-a-ouro-22k-tamanho17-2","status":"publish","type":"product","link":"https:\/\/estiloromano.smartjoias.com.br\/escolhas\/shop\/meia-alianca-ouro\/anel-meia-alianca-com-zirconias-banhado-a-ouro-22k-tamanho17-2\/","title":{"rendered":"Anel Meia Alian\u00e7a com Zirc\u00f4nias &#8211; Banhado a Ouro 22k Tamanho:17"},"content":{"rendered":"<p>Anel Meia Alian\u00e7a com Zirc\u00f4nias &#8211; Banhado a Ouro 22k Tamanho:17<\/p>\n","protected":false},"excerpt":{"rendered":"<p>Anel Meia Alian\u00e7a com Zirc\u00f4nias &#8211; Banhado a Ouro 22k Tamanho:17<\/p>\n","protected":false},"featured_media":0,"template":"","meta":[],"product_cat":[2812],"product_tag":[],"class_list":{"0":"post-47239","1":"product","2":"type-product","3":"status-publish","5":"product_cat-meia-alianca-ouro","7":"first","8":"instock","9":"shipping-taxable","10":"purchasable","11":"product-type-simple"},"_links":{"self":[{"href":"https:\/\/estiloromano.smartjoias.com.br\/escolhas\/wp-json\/wp\/v2\/product\/47239","targetHints":{"allow":["GET"]}}],"collection":[{"href":"https:\/\/estiloromano.smartjoias.com.br\/escolhas\/wp-json\/wp\/v2\/product"}],"about":[{"href":"https:\/\/estiloromano.smartjoias.com.br\/escolhas\/wp-json\/wp\/v2\/types\/product"}],"wp:attachment":[{"href":"https:\/\/estiloromano.smartjoias.com.br\/escolhas\/wp-json\/wp\/v2\/media?parent=47239"}],"wp:term":[{"taxonomy":"product_cat","embeddable":true,"href":"https:\/\/estiloromano.smartjoias.com.br\/escolhas\/wp-json\/wp\/v2\/product_cat?post=47239"},{"taxonomy":"product_tag","embeddable":true,"href":"https:\/\/estiloromano.smartjoias.com.br\/escolhas\/wp-json\/wp\/v2\/product_tag?post=47239"}],"curies":[{"name":"wp","href":"https:\/\/api.w.org\/{rel}","templated":true}]}}