{"id":47284,"date":"2023-08-28T11:05:11","date_gmt":"2023-08-28T14:05:11","guid":{"rendered":"https:\/\/estiloromano.smartjoias.com.br\/escolhas\/shop\/sem categoria\/piercing-fake-2-fios-cravejado-com-zirconia-banhado-a-rodio-branco\/"},"modified":"2023-10-28T16:37:05","modified_gmt":"2023-10-28T19:37:05","slug":"piercing-fake-2-fios-cravejado-com-zirconia-banhado-a-rodio-branco","status":"publish","type":"product","link":"https:\/\/estiloromano.smartjoias.com.br\/escolhas\/shop\/piercing-fake-rodio-branco\/piercing-fake-2-fios-cravejado-com-zirconia-banhado-a-rodio-branco\/","title":{"rendered":"Piercing Fake 2 Fios Cravejado com Zirc\u00f4nia &#8211; Banhado a R\u00f3dio Branco"},"content":{"rendered":"<p>Piercing Fake 2 Fios Cravejado com Zirc\u00f4nia &#8211; Banhado a R\u00f3dio Branco<\/p>\n","protected":false},"excerpt":{"rendered":"<p>Piercing Fake 2 Fios Cravejado com Zirc\u00f4nia &#8211; Banhado a R\u00f3dio Branco<\/p>\n","protected":false},"featured_media":0,"template":"","meta":[],"product_cat":[2776],"product_tag":[],"class_list":{"0":"post-47284","1":"product","2":"type-product","3":"status-publish","5":"product_cat-piercing-fake-rodio-branco","7":"first","8":"instock","9":"shipping-taxable","10":"purchasable","11":"product-type-simple"},"_links":{"self":[{"href":"https:\/\/estiloromano.smartjoias.com.br\/escolhas\/wp-json\/wp\/v2\/product\/47284","targetHints":{"allow":["GET"]}}],"collection":[{"href":"https:\/\/estiloromano.smartjoias.com.br\/escolhas\/wp-json\/wp\/v2\/product"}],"about":[{"href":"https:\/\/estiloromano.smartjoias.com.br\/escolhas\/wp-json\/wp\/v2\/types\/product"}],"wp:attachment":[{"href":"https:\/\/estiloromano.smartjoias.com.br\/escolhas\/wp-json\/wp\/v2\/media?parent=47284"}],"wp:term":[{"taxonomy":"product_cat","embeddable":true,"href":"https:\/\/estiloromano.smartjoias.com.br\/escolhas\/wp-json\/wp\/v2\/product_cat?post=47284"},{"taxonomy":"product_tag","embeddable":true,"href":"https:\/\/estiloromano.smartjoias.com.br\/escolhas\/wp-json\/wp\/v2\/product_tag?post=47284"}],"curies":[{"name":"wp","href":"https:\/\/api.w.org\/{rel}","templated":true}]}}