{"id":47591,"date":"2023-08-28T11:12:01","date_gmt":"2023-08-28T14:12:01","guid":{"rendered":"https:\/\/estiloromano.smartjoias.com.br\/escolhas\/shop\/sem categoria\/colar-coracao-detalhado-corrente-singapura-banhado-a-our\/"},"modified":"2023-10-22T13:44:59","modified_gmt":"2023-10-22T16:44:59","slug":"colar-coracao-detalhado-corrente-singapura-banhado-a-our","status":"publish","type":"product","link":"https:\/\/estiloromano.smartjoias.com.br\/escolhas\/shop\/colares-coracao-ouro\/colar-coracao-detalhado-corrente-singapura-banhado-a-our\/","title":{"rendered":"Colar Cora\u00e7\u00e3o Detalhado Corrente Singapura &#8211; Banhado a Our"},"content":{"rendered":"<p>Colar Cora\u00e7\u00e3o Detalhado Corrente Singapura &#8211; Banhado a Our<\/p>\n","protected":false},"excerpt":{"rendered":"<p>Colar Cora\u00e7\u00e3o Detalhado Corrente Singapura &#8211; Banhado a Our<\/p>\n","protected":false},"featured_media":0,"template":"","meta":[],"product_cat":[2793],"product_tag":[],"class_list":{"0":"post-47591","1":"product","2":"type-product","3":"status-publish","5":"product_cat-colares-coracao-ouro","7":"first","8":"instock","9":"shipping-taxable","10":"purchasable","11":"product-type-simple"},"_links":{"self":[{"href":"https:\/\/estiloromano.smartjoias.com.br\/escolhas\/wp-json\/wp\/v2\/product\/47591","targetHints":{"allow":["GET"]}}],"collection":[{"href":"https:\/\/estiloromano.smartjoias.com.br\/escolhas\/wp-json\/wp\/v2\/product"}],"about":[{"href":"https:\/\/estiloromano.smartjoias.com.br\/escolhas\/wp-json\/wp\/v2\/types\/product"}],"wp:attachment":[{"href":"https:\/\/estiloromano.smartjoias.com.br\/escolhas\/wp-json\/wp\/v2\/media?parent=47591"}],"wp:term":[{"taxonomy":"product_cat","embeddable":true,"href":"https:\/\/estiloromano.smartjoias.com.br\/escolhas\/wp-json\/wp\/v2\/product_cat?post=47591"},{"taxonomy":"product_tag","embeddable":true,"href":"https:\/\/estiloromano.smartjoias.com.br\/escolhas\/wp-json\/wp\/v2\/product_tag?post=47591"}],"curies":[{"name":"wp","href":"https:\/\/api.w.org\/{rel}","templated":true}]}}