{"id":47599,"date":"2023-08-28T11:12:11","date_gmt":"2023-08-28T14:12:11","guid":{"rendered":"https:\/\/estiloromano.smartjoias.com.br\/escolhas\/shop\/sem categoria\/pulseira-infantil-coracoes-perola-banhado-a-rodio-branco\/"},"modified":"2023-10-22T13:45:11","modified_gmt":"2023-10-22T16:45:11","slug":"pulseira-infantil-coracoes-perola-banhado-a-rodio-branco","status":"publish","type":"product","link":"https:\/\/estiloromano.smartjoias.com.br\/escolhas\/shop\/pulseiras-infantis-rodio-branco\/pulseira-infantil-coracoes-perola-banhado-a-rodio-branco\/","title":{"rendered":"Pulseira Infantil Cora\u00e7\u00f5es P\u00e9rola &#8211; Banhado a R\u00f3dio Branco"},"content":{"rendered":"<p>Pulseira Infantil Cora\u00e7\u00f5es P\u00e9rola &#8211; Banhado a R\u00f3dio Branco<\/p>\n","protected":false},"excerpt":{"rendered":"<p>Pulseira Infantil Cora\u00e7\u00f5es P\u00e9rola &#8211; Banhado a R\u00f3dio Branco<\/p>\n","protected":false},"featured_media":0,"template":"","meta":[],"product_cat":[2775],"product_tag":[],"class_list":{"0":"post-47599","1":"product","2":"type-product","3":"status-publish","5":"product_cat-pulseiras-infantis-rodio-branco","7":"first","8":"instock","9":"shipping-taxable","10":"purchasable","11":"product-type-simple"},"_links":{"self":[{"href":"https:\/\/estiloromano.smartjoias.com.br\/escolhas\/wp-json\/wp\/v2\/product\/47599","targetHints":{"allow":["GET"]}}],"collection":[{"href":"https:\/\/estiloromano.smartjoias.com.br\/escolhas\/wp-json\/wp\/v2\/product"}],"about":[{"href":"https:\/\/estiloromano.smartjoias.com.br\/escolhas\/wp-json\/wp\/v2\/types\/product"}],"wp:attachment":[{"href":"https:\/\/estiloromano.smartjoias.com.br\/escolhas\/wp-json\/wp\/v2\/media?parent=47599"}],"wp:term":[{"taxonomy":"product_cat","embeddable":true,"href":"https:\/\/estiloromano.smartjoias.com.br\/escolhas\/wp-json\/wp\/v2\/product_cat?post=47599"},{"taxonomy":"product_tag","embeddable":true,"href":"https:\/\/estiloromano.smartjoias.com.br\/escolhas\/wp-json\/wp\/v2\/product_tag?post=47599"}],"curies":[{"name":"wp","href":"https:\/\/api.w.org\/{rel}","templated":true}]}}