{"id":47659,"date":"2023-08-28T11:13:23","date_gmt":"2023-08-28T14:13:23","guid":{"rendered":"https:\/\/estiloromano.smartjoias.com.br\/escolhas\/shop\/sem categoria\/piercing-fake-trancado-banhado-a-rodio-branco\/"},"modified":"2023-10-22T13:46:35","modified_gmt":"2023-10-22T16:46:35","slug":"piercing-fake-trancado-banhado-a-rodio-branco","status":"publish","type":"product","link":"https:\/\/estiloromano.smartjoias.com.br\/escolhas\/shop\/piercing-fake-rodio-branco\/piercing-fake-trancado-banhado-a-rodio-branco\/","title":{"rendered":"Piercing Fake Tran\u00e7ado &#8211; Banhado a R\u00f3dio Branco"},"content":{"rendered":"<p>Piercing Fake Tran\u00e7ado &#8211; Banhado a R\u00f3dio Branco<\/p>\n","protected":false},"excerpt":{"rendered":"<p>Piercing Fake Tran\u00e7ado &#8211; Banhado a R\u00f3dio Branco<\/p>\n","protected":false},"featured_media":0,"template":"","meta":[],"product_cat":[2776],"product_tag":[],"class_list":{"0":"post-47659","1":"product","2":"type-product","3":"status-publish","5":"product_cat-piercing-fake-rodio-branco","7":"first","8":"instock","9":"shipping-taxable","10":"purchasable","11":"product-type-simple"},"_links":{"self":[{"href":"https:\/\/estiloromano.smartjoias.com.br\/escolhas\/wp-json\/wp\/v2\/product\/47659","targetHints":{"allow":["GET"]}}],"collection":[{"href":"https:\/\/estiloromano.smartjoias.com.br\/escolhas\/wp-json\/wp\/v2\/product"}],"about":[{"href":"https:\/\/estiloromano.smartjoias.com.br\/escolhas\/wp-json\/wp\/v2\/types\/product"}],"wp:attachment":[{"href":"https:\/\/estiloromano.smartjoias.com.br\/escolhas\/wp-json\/wp\/v2\/media?parent=47659"}],"wp:term":[{"taxonomy":"product_cat","embeddable":true,"href":"https:\/\/estiloromano.smartjoias.com.br\/escolhas\/wp-json\/wp\/v2\/product_cat?post=47659"},{"taxonomy":"product_tag","embeddable":true,"href":"https:\/\/estiloromano.smartjoias.com.br\/escolhas\/wp-json\/wp\/v2\/product_tag?post=47659"}],"curies":[{"name":"wp","href":"https:\/\/api.w.org\/{rel}","templated":true}]}}