{"id":47677,"date":"2023-08-28T11:13:46","date_gmt":"2023-08-28T14:13:46","guid":{"rendered":"https:\/\/estiloromano.smartjoias.com.br\/escolhas\/shop\/sem categoria\/brinco-diamante-com-zirconias-banhado-a-rodio-branco\/"},"modified":"2023-10-22T13:46:58","modified_gmt":"2023-10-22T16:46:58","slug":"brinco-diamante-com-zirconias-banhado-a-rodio-branco","status":"publish","type":"product","link":"https:\/\/estiloromano.smartjoias.com.br\/escolhas\/shop\/brincos-com-zirconia-rodio-branco\/brinco-diamante-com-zirconias-banhado-a-rodio-branco\/","title":{"rendered":"Brinco Diamante com Zirc\u00f4nias &#8211; Banhado a R\u00f3dio Branco"},"content":{"rendered":"<p>Brinco Diamante com Zirc\u00f4nias &#8211; Banhado a R\u00f3dio Branco<\/p>\n","protected":false},"excerpt":{"rendered":"<p>Brinco Diamante com Zirc\u00f4nias &#8211; Banhado a R\u00f3dio Branco<\/p>\n","protected":false},"featured_media":0,"template":"","meta":[],"product_cat":[2761],"product_tag":[],"class_list":{"0":"post-47677","1":"product","2":"type-product","3":"status-publish","5":"product_cat-brincos-com-zirconia-rodio-branco","7":"first","8":"instock","9":"shipping-taxable","10":"purchasable","11":"product-type-simple"},"_links":{"self":[{"href":"https:\/\/estiloromano.smartjoias.com.br\/escolhas\/wp-json\/wp\/v2\/product\/47677","targetHints":{"allow":["GET"]}}],"collection":[{"href":"https:\/\/estiloromano.smartjoias.com.br\/escolhas\/wp-json\/wp\/v2\/product"}],"about":[{"href":"https:\/\/estiloromano.smartjoias.com.br\/escolhas\/wp-json\/wp\/v2\/types\/product"}],"wp:attachment":[{"href":"https:\/\/estiloromano.smartjoias.com.br\/escolhas\/wp-json\/wp\/v2\/media?parent=47677"}],"wp:term":[{"taxonomy":"product_cat","embeddable":true,"href":"https:\/\/estiloromano.smartjoias.com.br\/escolhas\/wp-json\/wp\/v2\/product_cat?post=47677"},{"taxonomy":"product_tag","embeddable":true,"href":"https:\/\/estiloromano.smartjoias.com.br\/escolhas\/wp-json\/wp\/v2\/product_tag?post=47677"}],"curies":[{"name":"wp","href":"https:\/\/api.w.org\/{rel}","templated":true}]}}