{"id":47758,"date":"2023-08-28T11:15:40","date_gmt":"2023-08-28T14:15:40","guid":{"rendered":"https:\/\/estiloromano.smartjoias.com.br\/escolhas\/shop\/sem categoria\/colar-choker-elos-de-coracao-banhado-a-rodio-branco\/"},"modified":"2023-10-22T13:48:47","modified_gmt":"2023-10-22T16:48:47","slug":"colar-choker-elos-de-coracao-banhado-a-rodio-branco","status":"publish","type":"product","link":"https:\/\/estiloromano.smartjoias.com.br\/escolhas\/shop\/choker-rodio-branco\/colar-choker-elos-de-coracao-banhado-a-rodio-branco\/","title":{"rendered":"Colar Choker Elos de Cora\u00e7\u00e3o &#8211; Banhado a R\u00f3dio Branco"},"content":{"rendered":"<p>Colar Choker Elos de Cora\u00e7\u00e3o &#8211; Banhado a R\u00f3dio Branco<\/p>\n","protected":false},"excerpt":{"rendered":"<p>Colar Choker Elos de Cora\u00e7\u00e3o &#8211; Banhado a R\u00f3dio Branco<\/p>\n","protected":false},"featured_media":0,"template":"","meta":[],"product_cat":[2765],"product_tag":[],"class_list":{"0":"post-47758","1":"product","2":"type-product","3":"status-publish","5":"product_cat-choker-rodio-branco","7":"first","8":"instock","9":"shipping-taxable","10":"purchasable","11":"product-type-simple"},"_links":{"self":[{"href":"https:\/\/estiloromano.smartjoias.com.br\/escolhas\/wp-json\/wp\/v2\/product\/47758","targetHints":{"allow":["GET"]}}],"collection":[{"href":"https:\/\/estiloromano.smartjoias.com.br\/escolhas\/wp-json\/wp\/v2\/product"}],"about":[{"href":"https:\/\/estiloromano.smartjoias.com.br\/escolhas\/wp-json\/wp\/v2\/types\/product"}],"wp:attachment":[{"href":"https:\/\/estiloromano.smartjoias.com.br\/escolhas\/wp-json\/wp\/v2\/media?parent=47758"}],"wp:term":[{"taxonomy":"product_cat","embeddable":true,"href":"https:\/\/estiloromano.smartjoias.com.br\/escolhas\/wp-json\/wp\/v2\/product_cat?post=47758"},{"taxonomy":"product_tag","embeddable":true,"href":"https:\/\/estiloromano.smartjoias.com.br\/escolhas\/wp-json\/wp\/v2\/product_tag?post=47758"}],"curies":[{"name":"wp","href":"https:\/\/api.w.org\/{rel}","templated":true}]}}