{"id":47769,"date":"2023-08-28T11:15:55","date_gmt":"2023-08-28T14:15:55","guid":{"rendered":"https:\/\/estiloromano.smartjoias.com.br\/escolhas\/shop\/sem categoria\/escapulario-nossa-senhora-e-sagrado-coracao-de-jesus-banhado-a-ouro\/"},"modified":"2023-10-10T08:31:53","modified_gmt":"2023-10-10T11:31:53","slug":"escapulario-nossa-senhora-e-sagrado-coracao-de-jesus-banhado-a-ouro","status":"publish","type":"product","link":"https:\/\/estiloromano.smartjoias.com.br\/escolhas\/shop\/escapulario-ouro\/escapulario-nossa-senhora-e-sagrado-coracao-de-jesus-banhado-a-ouro\/","title":{"rendered":"Escapul\u00e1rio Nossa Senhora e Sagrado Cora\u00e7\u00e3o de Jesus &#8211; Banhado a Ouro"},"content":{"rendered":"<p>Escapul\u00e1rio Nossa Senhora e Sagrado Cora\u00e7\u00e3o de Jesus &#8211; Banhado a Ouro<\/p>\n","protected":false},"excerpt":{"rendered":"<p>Escapul\u00e1rio Nossa Senhora e Sagrado Cora\u00e7\u00e3o de Jesus &#8211; Banhado a Ouro<\/p>\n","protected":false},"featured_media":0,"template":"","meta":[],"product_cat":[2741],"product_tag":[],"class_list":{"0":"post-47769","1":"product","2":"type-product","3":"status-publish","5":"product_cat-escapulario-ouro","7":"first","8":"instock","9":"shipping-taxable","10":"purchasable","11":"product-type-simple"},"_links":{"self":[{"href":"https:\/\/estiloromano.smartjoias.com.br\/escolhas\/wp-json\/wp\/v2\/product\/47769","targetHints":{"allow":["GET"]}}],"collection":[{"href":"https:\/\/estiloromano.smartjoias.com.br\/escolhas\/wp-json\/wp\/v2\/product"}],"about":[{"href":"https:\/\/estiloromano.smartjoias.com.br\/escolhas\/wp-json\/wp\/v2\/types\/product"}],"wp:attachment":[{"href":"https:\/\/estiloromano.smartjoias.com.br\/escolhas\/wp-json\/wp\/v2\/media?parent=47769"}],"wp:term":[{"taxonomy":"product_cat","embeddable":true,"href":"https:\/\/estiloromano.smartjoias.com.br\/escolhas\/wp-json\/wp\/v2\/product_cat?post=47769"},{"taxonomy":"product_tag","embeddable":true,"href":"https:\/\/estiloromano.smartjoias.com.br\/escolhas\/wp-json\/wp\/v2\/product_tag?post=47769"}],"curies":[{"name":"wp","href":"https:\/\/api.w.org\/{rel}","templated":true}]}}