{"id":47779,"date":"2023-08-28T11:16:10","date_gmt":"2023-08-28T14:16:10","guid":{"rendered":"https:\/\/estiloromano.smartjoias.com.br\/escolhas\/shop\/sem categoria\/pulseira-cordao-baiano-banhado-a-rodio-branco\/"},"modified":"2023-10-10T08:32:05","modified_gmt":"2023-10-10T11:32:05","slug":"pulseira-cordao-baiano-banhado-a-rodio-branco","status":"publish","type":"product","link":"https:\/\/estiloromano.smartjoias.com.br\/escolhas\/shop\/pulseiras-de-elos-rodio-branco\/pulseira-cordao-baiano-banhado-a-rodio-branco\/","title":{"rendered":"Pulseira Cord\u00e3o Baiano &#8211; Banhado a R\u00f3dio Branco"},"content":{"rendered":"<p>Pulseira Cord\u00e3o Baiano &#8211; Banhado a R\u00f3dio Branco<\/p>\n","protected":false},"excerpt":{"rendered":"<p>Pulseira Cord\u00e3o Baiano &#8211; Banhado a R\u00f3dio Branco<\/p>\n","protected":false},"featured_media":0,"template":"","meta":[],"product_cat":[2690],"product_tag":[],"class_list":{"0":"post-47779","1":"product","2":"type-product","3":"status-publish","5":"product_cat-pulseiras-de-elos-rodio-branco","7":"first","8":"instock","9":"shipping-taxable","10":"purchasable","11":"product-type-simple"},"_links":{"self":[{"href":"https:\/\/estiloromano.smartjoias.com.br\/escolhas\/wp-json\/wp\/v2\/product\/47779","targetHints":{"allow":["GET"]}}],"collection":[{"href":"https:\/\/estiloromano.smartjoias.com.br\/escolhas\/wp-json\/wp\/v2\/product"}],"about":[{"href":"https:\/\/estiloromano.smartjoias.com.br\/escolhas\/wp-json\/wp\/v2\/types\/product"}],"wp:attachment":[{"href":"https:\/\/estiloromano.smartjoias.com.br\/escolhas\/wp-json\/wp\/v2\/media?parent=47779"}],"wp:term":[{"taxonomy":"product_cat","embeddable":true,"href":"https:\/\/estiloromano.smartjoias.com.br\/escolhas\/wp-json\/wp\/v2\/product_cat?post=47779"},{"taxonomy":"product_tag","embeddable":true,"href":"https:\/\/estiloromano.smartjoias.com.br\/escolhas\/wp-json\/wp\/v2\/product_tag?post=47779"}],"curies":[{"name":"wp","href":"https:\/\/api.w.org\/{rel}","templated":true}]}}