{"id":47818,"date":"2023-08-28T11:17:04","date_gmt":"2023-08-28T14:17:04","guid":{"rendered":"https:\/\/estiloromano.smartjoias.com.br\/escolhas\/shop\/sem categoria\/meia-alianca-com-microzirconias-banhado-a-ouro-tamanho-19\/"},"modified":"2023-10-10T08:32:55","modified_gmt":"2023-10-10T11:32:55","slug":"meia-alianca-com-microzirconias-banhado-a-ouro-tamanho-19","status":"publish","type":"product","link":"https:\/\/estiloromano.smartjoias.com.br\/escolhas\/shop\/meia-alianca-ouro\/meia-alianca-com-microzirconias-banhado-a-ouro-tamanho-19\/","title":{"rendered":"Meia Alian\u00e7a com Microzirc\u00f4nias &#8211; Banhado a Ouro Tamanho: 19"},"content":{"rendered":"<p>Meia Alian\u00e7a com Microzirc\u00f4nias &#8211; Banhado a Ouro Tamanho: 19<\/p>\n","protected":false},"excerpt":{"rendered":"<p>Meia Alian\u00e7a com Microzirc\u00f4nias &#8211; Banhado a Ouro Tamanho: 19<\/p>\n","protected":false},"featured_media":0,"template":"","meta":[],"product_cat":[2812],"product_tag":[],"class_list":{"0":"post-47818","1":"product","2":"type-product","3":"status-publish","5":"product_cat-meia-alianca-ouro","7":"first","8":"instock","9":"shipping-taxable","10":"purchasable","11":"product-type-simple"},"_links":{"self":[{"href":"https:\/\/estiloromano.smartjoias.com.br\/escolhas\/wp-json\/wp\/v2\/product\/47818","targetHints":{"allow":["GET"]}}],"collection":[{"href":"https:\/\/estiloromano.smartjoias.com.br\/escolhas\/wp-json\/wp\/v2\/product"}],"about":[{"href":"https:\/\/estiloromano.smartjoias.com.br\/escolhas\/wp-json\/wp\/v2\/types\/product"}],"wp:attachment":[{"href":"https:\/\/estiloromano.smartjoias.com.br\/escolhas\/wp-json\/wp\/v2\/media?parent=47818"}],"wp:term":[{"taxonomy":"product_cat","embeddable":true,"href":"https:\/\/estiloromano.smartjoias.com.br\/escolhas\/wp-json\/wp\/v2\/product_cat?post=47818"},{"taxonomy":"product_tag","embeddable":true,"href":"https:\/\/estiloromano.smartjoias.com.br\/escolhas\/wp-json\/wp\/v2\/product_tag?post=47818"}],"curies":[{"name":"wp","href":"https:\/\/api.w.org\/{rel}","templated":true}]}}