{"id":47838,"date":"2023-08-28T11:17:32","date_gmt":"2023-08-28T14:17:32","guid":{"rendered":"https:\/\/estiloromano.smartjoias.com.br\/escolhas\/shop\/sem categoria\/colar-filhos-2-meninas-coracoes-banhado-a-ouro0\/"},"modified":"2023-10-10T08:33:22","modified_gmt":"2023-10-10T11:33:22","slug":"colar-filhos-2-meninas-coracoes-banhado-a-ouro0","status":"publish","type":"product","link":"https:\/\/estiloromano.smartjoias.com.br\/escolhas\/shop\/sem-categoria\/colar-filhos-2-meninas-coracoes-banhado-a-ouro0\/","title":{"rendered":"Colar Filhos 2 Meninas Cora\u00e7\u00f5es &#8211; Banhado a Ouro0"},"content":{"rendered":"<p>Colar Filhos 2 Meninas Cora\u00e7\u00f5es &#8211; Banhado a Ouro0<\/p>\n","protected":false},"excerpt":{"rendered":"<p>Colar Filhos 2 Meninas Cora\u00e7\u00f5es &#8211; Banhado a Ouro0<\/p>\n","protected":false},"featured_media":0,"template":"","meta":[],"product_cat":[2480],"product_tag":[],"class_list":{"0":"post-47838","1":"product","2":"type-product","3":"status-publish","5":"product_cat-sem-categoria","7":"first","8":"instock","9":"shipping-taxable","10":"purchasable","11":"product-type-simple"},"_links":{"self":[{"href":"https:\/\/estiloromano.smartjoias.com.br\/escolhas\/wp-json\/wp\/v2\/product\/47838","targetHints":{"allow":["GET"]}}],"collection":[{"href":"https:\/\/estiloromano.smartjoias.com.br\/escolhas\/wp-json\/wp\/v2\/product"}],"about":[{"href":"https:\/\/estiloromano.smartjoias.com.br\/escolhas\/wp-json\/wp\/v2\/types\/product"}],"wp:attachment":[{"href":"https:\/\/estiloromano.smartjoias.com.br\/escolhas\/wp-json\/wp\/v2\/media?parent=47838"}],"wp:term":[{"taxonomy":"product_cat","embeddable":true,"href":"https:\/\/estiloromano.smartjoias.com.br\/escolhas\/wp-json\/wp\/v2\/product_cat?post=47838"},{"taxonomy":"product_tag","embeddable":true,"href":"https:\/\/estiloromano.smartjoias.com.br\/escolhas\/wp-json\/wp\/v2\/product_tag?post=47838"}],"curies":[{"name":"wp","href":"https:\/\/api.w.org\/{rel}","templated":true}]}}