{"id":47983,"date":"2023-08-28T11:20:33","date_gmt":"2023-08-28T14:20:33","guid":{"rendered":"https:\/\/estiloromano.smartjoias.com.br\/escolhas\/shop\/sem categoria\/pulseira-couro-bege-com-fecho-coracao-banhado-a-rodio-branco-tamanho18cm\/"},"modified":"2023-10-10T08:36:23","modified_gmt":"2023-10-10T11:36:23","slug":"pulseira-couro-bege-com-fecho-coracao-banhado-a-rodio-branco-tamanho18cm","status":"publish","type":"product","link":"https:\/\/estiloromano.smartjoias.com.br\/escolhas\/shop\/sem-categoria\/pulseira-couro-bege-com-fecho-coracao-banhado-a-rodio-branco-tamanho18cm\/","title":{"rendered":"Pulseira Couro Bege com Fecho Cora\u00e7\u00e3o &#8211; Banhado a R\u00f3dio Branco Tamanho:18cm"},"content":{"rendered":"<p>Pulseira Couro Bege com Fecho Cora\u00e7\u00e3o &#8211; Banhado a R\u00f3dio Branco Tamanho:18cm<\/p>\n","protected":false},"excerpt":{"rendered":"<p>Pulseira Couro Bege com Fecho Cora\u00e7\u00e3o &#8211; Banhado a R\u00f3dio Branco Tamanho:18cm<\/p>\n","protected":false},"featured_media":0,"template":"","meta":[],"product_cat":[2480],"product_tag":[],"class_list":{"0":"post-47983","1":"product","2":"type-product","3":"status-publish","5":"product_cat-sem-categoria","7":"first","8":"instock","9":"shipping-taxable","10":"purchasable","11":"product-type-simple"},"_links":{"self":[{"href":"https:\/\/estiloromano.smartjoias.com.br\/escolhas\/wp-json\/wp\/v2\/product\/47983","targetHints":{"allow":["GET"]}}],"collection":[{"href":"https:\/\/estiloromano.smartjoias.com.br\/escolhas\/wp-json\/wp\/v2\/product"}],"about":[{"href":"https:\/\/estiloromano.smartjoias.com.br\/escolhas\/wp-json\/wp\/v2\/types\/product"}],"wp:attachment":[{"href":"https:\/\/estiloromano.smartjoias.com.br\/escolhas\/wp-json\/wp\/v2\/media?parent=47983"}],"wp:term":[{"taxonomy":"product_cat","embeddable":true,"href":"https:\/\/estiloromano.smartjoias.com.br\/escolhas\/wp-json\/wp\/v2\/product_cat?post=47983"},{"taxonomy":"product_tag","embeddable":true,"href":"https:\/\/estiloromano.smartjoias.com.br\/escolhas\/wp-json\/wp\/v2\/product_tag?post=47983"}],"curies":[{"name":"wp","href":"https:\/\/api.w.org\/{rel}","templated":true}]}}