{"id":48451,"date":"2023-08-28T11:30:08","date_gmt":"2023-08-28T14:30:08","guid":{"rendered":"https:\/\/estiloromano.smartjoias.com.br\/escolhas\/shop\/sem categoria\/anel-meia-alianca-com-zirconias-banhado-a-rodio-branco-tamanho22\/"},"modified":"2023-09-10T01:51:17","modified_gmt":"2023-09-10T04:51:17","slug":"anel-meia-alianca-com-zirconias-banhado-a-rodio-branco-tamanho22","status":"publish","type":"product","link":"https:\/\/estiloromano.smartjoias.com.br\/escolhas\/shop\/sem-categoria\/anel-meia-alianca-com-zirconias-banhado-a-rodio-branco-tamanho22\/","title":{"rendered":"Anel Meia Alian\u00e7a com Zirc\u00f4nias &#8211; Banhado a R\u00f3dio Branco Tamanho:22"},"content":{"rendered":"<p>Anel Meia Alian\u00e7a com Zirc\u00f4nias &#8211; Banhado a R\u00f3dio Branco Tamanho:22<\/p>\n","protected":false},"excerpt":{"rendered":"<p>Anel Meia Alian\u00e7a com Zirc\u00f4nias &#8211; Banhado a R\u00f3dio Branco Tamanho:22<\/p>\n","protected":false},"featured_media":0,"template":"","meta":[],"product_cat":[2480],"product_tag":[],"class_list":{"0":"post-48451","1":"product","2":"type-product","3":"status-publish","5":"product_cat-sem-categoria","7":"first","8":"instock","9":"shipping-taxable","10":"purchasable","11":"product-type-simple"},"_links":{"self":[{"href":"https:\/\/estiloromano.smartjoias.com.br\/escolhas\/wp-json\/wp\/v2\/product\/48451","targetHints":{"allow":["GET"]}}],"collection":[{"href":"https:\/\/estiloromano.smartjoias.com.br\/escolhas\/wp-json\/wp\/v2\/product"}],"about":[{"href":"https:\/\/estiloromano.smartjoias.com.br\/escolhas\/wp-json\/wp\/v2\/types\/product"}],"wp:attachment":[{"href":"https:\/\/estiloromano.smartjoias.com.br\/escolhas\/wp-json\/wp\/v2\/media?parent=48451"}],"wp:term":[{"taxonomy":"product_cat","embeddable":true,"href":"https:\/\/estiloromano.smartjoias.com.br\/escolhas\/wp-json\/wp\/v2\/product_cat?post=48451"},{"taxonomy":"product_tag","embeddable":true,"href":"https:\/\/estiloromano.smartjoias.com.br\/escolhas\/wp-json\/wp\/v2\/product_tag?post=48451"}],"curies":[{"name":"wp","href":"https:\/\/api.w.org\/{rel}","templated":true}]}}