{"id":48605,"date":"2023-08-28T20:04:15","date_gmt":"2023-08-28T23:04:15","guid":{"rendered":"https:\/\/estiloromano.smartjoias.com.br\/escolhas\/shop\/sem categoria\/colar-coracoes-amor-banhado-a-ouro-22k\/"},"modified":"2023-09-10T01:54:04","modified_gmt":"2023-09-10T04:54:04","slug":"colar-coracoes-amor-banhado-a-ouro-22k","status":"publish","type":"product","link":"https:\/\/estiloromano.smartjoias.com.br\/escolhas\/shop\/sem-categoria\/colar-coracoes-amor-banhado-a-ouro-22k\/","title":{"rendered":"Colar Cora\u00e7\u00f5es Amor &#8211; Banhado a Ouro 22k"},"content":{"rendered":"<p>Colar Cora\u00e7\u00f5es Amor &#8211; Banhado a Ouro 22k<\/p>\n","protected":false},"excerpt":{"rendered":"<p>Colar Cora\u00e7\u00f5es Amor &#8211; Banhado a Ouro 22k<\/p>\n","protected":false},"featured_media":0,"template":"","meta":[],"product_cat":[2480],"product_tag":[],"class_list":{"0":"post-48605","1":"product","2":"type-product","3":"status-publish","5":"product_cat-sem-categoria","7":"first","8":"instock","9":"shipping-taxable","10":"purchasable","11":"product-type-simple"},"_links":{"self":[{"href":"https:\/\/estiloromano.smartjoias.com.br\/escolhas\/wp-json\/wp\/v2\/product\/48605","targetHints":{"allow":["GET"]}}],"collection":[{"href":"https:\/\/estiloromano.smartjoias.com.br\/escolhas\/wp-json\/wp\/v2\/product"}],"about":[{"href":"https:\/\/estiloromano.smartjoias.com.br\/escolhas\/wp-json\/wp\/v2\/types\/product"}],"wp:attachment":[{"href":"https:\/\/estiloromano.smartjoias.com.br\/escolhas\/wp-json\/wp\/v2\/media?parent=48605"}],"wp:term":[{"taxonomy":"product_cat","embeddable":true,"href":"https:\/\/estiloromano.smartjoias.com.br\/escolhas\/wp-json\/wp\/v2\/product_cat?post=48605"},{"taxonomy":"product_tag","embeddable":true,"href":"https:\/\/estiloromano.smartjoias.com.br\/escolhas\/wp-json\/wp\/v2\/product_tag?post=48605"}],"curies":[{"name":"wp","href":"https:\/\/api.w.org\/{rel}","templated":true}]}}