{"id":49842,"date":"2023-08-30T23:03:46","date_gmt":"2023-08-31T02:03:46","guid":{"rendered":"https:\/\/estiloromano.smartjoias.com.br\/escolhas\/shop\/sem categoria\/piercing-reto-flor-vazada-grande-com-zirconia-em-aco-banhado-a-ouro\/"},"modified":"2024-02-26T13:26:20","modified_gmt":"2024-02-26T16:26:20","slug":"piercing-reto-flor-vazada-grande-com-zirconia-em-aco-banhado-a-ouro","status":"publish","type":"product","link":"https:\/\/estiloromano.smartjoias.com.br\/escolhas\/shop\/sem-categoria\/piercing-reto-flor-vazada-grande-com-zirconia-em-aco-banhado-a-ouro\/","title":{"rendered":"Piercing Reto Flor Vazada Grande com Zirc\u00f4nia em A\u00e7o Banhado a Ouro"},"content":{"rendered":"<p>Piercing Reto Flor Vazada Grande com Zirc\u00f4nia em A\u00e7o Banhado a Ouro<\/p>\n","protected":false},"excerpt":{"rendered":"<p>Piercing Reto Flor Vazada Grande com Zirc\u00f4nia em A\u00e7o Banhado a Ouro<\/p>\n","protected":false},"featured_media":0,"template":"","meta":[],"product_cat":[2480],"product_tag":[],"class_list":{"0":"post-49842","1":"product","2":"type-product","3":"status-publish","5":"product_cat-sem-categoria","7":"first","8":"instock","9":"shipping-taxable","10":"purchasable","11":"product-type-simple"},"_links":{"self":[{"href":"https:\/\/estiloromano.smartjoias.com.br\/escolhas\/wp-json\/wp\/v2\/product\/49842","targetHints":{"allow":["GET"]}}],"collection":[{"href":"https:\/\/estiloromano.smartjoias.com.br\/escolhas\/wp-json\/wp\/v2\/product"}],"about":[{"href":"https:\/\/estiloromano.smartjoias.com.br\/escolhas\/wp-json\/wp\/v2\/types\/product"}],"wp:attachment":[{"href":"https:\/\/estiloromano.smartjoias.com.br\/escolhas\/wp-json\/wp\/v2\/media?parent=49842"}],"wp:term":[{"taxonomy":"product_cat","embeddable":true,"href":"https:\/\/estiloromano.smartjoias.com.br\/escolhas\/wp-json\/wp\/v2\/product_cat?post=49842"},{"taxonomy":"product_tag","embeddable":true,"href":"https:\/\/estiloromano.smartjoias.com.br\/escolhas\/wp-json\/wp\/v2\/product_tag?post=49842"}],"curies":[{"name":"wp","href":"https:\/\/api.w.org\/{rel}","templated":true}]}}