{"id":49843,"date":"2023-08-30T23:03:47","date_gmt":"2023-08-31T02:03:47","guid":{"rendered":"https:\/\/estiloromano.smartjoias.com.br\/escolhas\/shop\/sem%20categoria\/piercing-tres-borboletas-cravejadas-em-aco-banhado-a-ouro\/"},"modified":"2024-02-26T13:26:23","modified_gmt":"2024-02-26T16:26:23","slug":"piercing-tres-borboletas-cravejadas-em-aco-banhado-a-ouro","status":"publish","type":"product","link":"https:\/\/estiloromano.smartjoias.com.br\/escolhas\/shop\/sem-categoria\/piercing-tres-borboletas-cravejadas-em-aco-banhado-a-ouro\/","title":{"rendered":"Piercing Tr\u00eas Borboletas Cravejadas em A\u00e7o Banhado a Ouro"},"content":{"rendered":"<p>Piercing Tr\u00eas Borboletas Cravejadas Lado Direito em A\u00e7o Banhado a Ouro<\/p>\n","protected":false},"excerpt":{"rendered":"<p>Piercing Tr\u00eas Borboletas Cravejadas Lado Direito em A\u00e7o Banhado a Ouro<\/p>\n","protected":false},"featured_media":0,"template":"","meta":[],"product_cat":[2480],"product_tag":[],"class_list":{"0":"post-49843","1":"product","2":"type-product","3":"status-publish","5":"product_cat-sem-categoria","7":"first","8":"instock","9":"shipping-taxable","10":"purchasable","11":"product-type-simple"},"fifu_image_url":"https:\/\/orgbling.s3.amazonaws.com\/25e28644d5bc765187a98d9415eab57d\/a8a3e07f30022f86e718a46a68cf9189?AWSAccessKeyId=AKIATCLMSGFX4J7TU445&Expires=1709569434&Signature=0rJw%2Fai2uVPg41w5%2FYRnVIR2EC4%3D","_links":{"self":[{"href":"https:\/\/estiloromano.smartjoias.com.br\/escolhas\/wp-json\/wp\/v2\/product\/49843","targetHints":{"allow":["GET"]}}],"collection":[{"href":"https:\/\/estiloromano.smartjoias.com.br\/escolhas\/wp-json\/wp\/v2\/product"}],"about":[{"href":"https:\/\/estiloromano.smartjoias.com.br\/escolhas\/wp-json\/wp\/v2\/types\/product"}],"wp:attachment":[{"href":"https:\/\/estiloromano.smartjoias.com.br\/escolhas\/wp-json\/wp\/v2\/media?parent=49843"}],"wp:term":[{"taxonomy":"product_cat","embeddable":true,"href":"https:\/\/estiloromano.smartjoias.com.br\/escolhas\/wp-json\/wp\/v2\/product_cat?post=49843"},{"taxonomy":"product_tag","embeddable":true,"href":"https:\/\/estiloromano.smartjoias.com.br\/escolhas\/wp-json\/wp\/v2\/product_tag?post=49843"}],"curies":[{"name":"wp","href":"https:\/\/api.w.org\/{rel}","templated":true}]}}