{"id":49854,"date":"2023-09-02T18:07:57","date_gmt":"2023-09-02T21:07:57","guid":{"rendered":"https:\/\/estiloromano.smartjoias.com.br\/escolhas\/shop\/sem%20categoria\/piercing-argola-coracao-liso-com-ponto-de-luz-em-aco\/"},"modified":"2024-02-26T13:25:57","modified_gmt":"2024-02-26T16:25:57","slug":"piercing-argola-coracao-liso-com-ponto-de-luz-em-aco","status":"publish","type":"product","link":"https:\/\/estiloromano.smartjoias.com.br\/escolhas\/shop\/sem-categoria\/piercing-argola-coracao-liso-com-ponto-de-luz-em-aco\/","title":{"rendered":"Piercing Argola Cora\u00e7\u00e3o Liso com Ponto de Luz em A\u00e7o"},"content":{"rendered":"<p>Piercing Argola Cora\u00e7\u00e3o Liso com Ponto de Luz em A\u00e7o &#8211; Lado Direito<\/p>\n","protected":false},"excerpt":{"rendered":"<p>Piercing Argola Cora\u00e7\u00e3o Liso com Ponto de Luz em A\u00e7o &#8211; Lado Direito<\/p>\n","protected":false},"featured_media":0,"template":"","meta":[],"product_cat":[2480],"product_tag":[],"class_list":{"0":"post-49854","1":"product","2":"type-product","3":"status-publish","5":"product_cat-sem-categoria","7":"first","8":"instock","9":"shipping-taxable","10":"purchasable","11":"product-type-simple"},"_links":{"self":[{"href":"https:\/\/estiloromano.smartjoias.com.br\/escolhas\/wp-json\/wp\/v2\/product\/49854","targetHints":{"allow":["GET"]}}],"collection":[{"href":"https:\/\/estiloromano.smartjoias.com.br\/escolhas\/wp-json\/wp\/v2\/product"}],"about":[{"href":"https:\/\/estiloromano.smartjoias.com.br\/escolhas\/wp-json\/wp\/v2\/types\/product"}],"wp:attachment":[{"href":"https:\/\/estiloromano.smartjoias.com.br\/escolhas\/wp-json\/wp\/v2\/media?parent=49854"}],"wp:term":[{"taxonomy":"product_cat","embeddable":true,"href":"https:\/\/estiloromano.smartjoias.com.br\/escolhas\/wp-json\/wp\/v2\/product_cat?post=49854"},{"taxonomy":"product_tag","embeddable":true,"href":"https:\/\/estiloromano.smartjoias.com.br\/escolhas\/wp-json\/wp\/v2\/product_tag?post=49854"}],"curies":[{"name":"wp","href":"https:\/\/api.w.org\/{rel}","templated":true}]}}