{"id":49858,"date":"2023-09-04T16:54:38","date_gmt":"2023-09-04T19:54:38","guid":{"rendered":"https:\/\/estiloromano.smartjoias.com.br\/escolhas\/shop\/sem categoria\/piercing-argola-coracao-liso-com-ponto-de-luz-em-aco-lado-esquerdo\/"},"modified":"2024-02-26T13:25:55","modified_gmt":"2024-02-26T16:25:55","slug":"piercing-argola-coracao-liso-com-ponto-de-luz-em-aco-lado-esquerdo","status":"publish","type":"product","link":"https:\/\/estiloromano.smartjoias.com.br\/escolhas\/shop\/sem-categoria\/piercing-argola-coracao-liso-com-ponto-de-luz-em-aco-lado-esquerdo\/","title":{"rendered":"Piercing Argola Cora\u00e7\u00e3o Liso com Ponto de Luz em A\u00e7o &#8211; Lado Esquerdo"},"content":{"rendered":"<p>Piercing Argola Cora\u00e7\u00e3o Liso com Ponto de Luz em A\u00e7o &#8211; Lado Esquerdo<\/p>\n","protected":false},"excerpt":{"rendered":"<p>Piercing Argola Cora\u00e7\u00e3o Liso com Ponto de Luz em A\u00e7o &#8211; Lado Esquerdo<\/p>\n","protected":false},"featured_media":0,"template":"","meta":[],"product_cat":[2480],"product_tag":[],"class_list":{"0":"post-49858","1":"product","2":"type-product","3":"status-publish","5":"product_cat-sem-categoria","7":"first","8":"instock","9":"shipping-taxable","10":"purchasable","11":"product-type-simple"},"_links":{"self":[{"href":"https:\/\/estiloromano.smartjoias.com.br\/escolhas\/wp-json\/wp\/v2\/product\/49858","targetHints":{"allow":["GET"]}}],"collection":[{"href":"https:\/\/estiloromano.smartjoias.com.br\/escolhas\/wp-json\/wp\/v2\/product"}],"about":[{"href":"https:\/\/estiloromano.smartjoias.com.br\/escolhas\/wp-json\/wp\/v2\/types\/product"}],"wp:attachment":[{"href":"https:\/\/estiloromano.smartjoias.com.br\/escolhas\/wp-json\/wp\/v2\/media?parent=49858"}],"wp:term":[{"taxonomy":"product_cat","embeddable":true,"href":"https:\/\/estiloromano.smartjoias.com.br\/escolhas\/wp-json\/wp\/v2\/product_cat?post=49858"},{"taxonomy":"product_tag","embeddable":true,"href":"https:\/\/estiloromano.smartjoias.com.br\/escolhas\/wp-json\/wp\/v2\/product_tag?post=49858"}],"curies":[{"name":"wp","href":"https:\/\/api.w.org\/{rel}","templated":true}]}}