{"id":49899,"date":"2023-09-21T12:11:18","date_gmt":"2023-09-21T15:11:18","guid":{"rendered":"https:\/\/estiloromano.smartjoias.com.br\/escolhas\/shop\/sem categoria\/anel-coracao-duplo-cravejado-banhado-a-ouro-tamanho25\/"},"modified":"2024-02-26T13:23:42","modified_gmt":"2024-02-26T16:23:42","slug":"anel-coracao-duplo-cravejado-banhado-a-ouro-tamanho25","status":"publish","type":"product","link":"https:\/\/estiloromano.smartjoias.com.br\/escolhas\/shop\/sem-categoria\/anel-coracao-duplo-cravejado-banhado-a-ouro-tamanho25\/","title":{"rendered":"Anel Cora\u00e7\u00e3o Duplo Cravejado &#8211; Banhado a Ouro Tamanho:25"},"content":{"rendered":"<p>Anel Cora\u00e7\u00e3o Duplo Cravejado &#8211; Banhado a Ouro Tamanho:25<\/p>\n","protected":false},"excerpt":{"rendered":"<p>Anel Cora\u00e7\u00e3o Duplo Cravejado &#8211; Banhado a Ouro Tamanho:25<\/p>\n","protected":false},"featured_media":0,"template":"","meta":[],"product_cat":[2480],"product_tag":[],"class_list":{"0":"post-49899","1":"product","2":"type-product","3":"status-publish","5":"product_cat-sem-categoria","7":"first","8":"instock","9":"shipping-taxable","10":"purchasable","11":"product-type-simple"},"fifu_image_url":"https:\/\/orgbling.s3.amazonaws.com\/25e28644d5bc765187a98d9415eab57d\/163de2805c4fadc44938be24c710e2d7?AWSAccessKeyId=AKIATCLMSGFX4J7TU445&Expires=1709569145&Signature=A5JlxyvaSaPZNIBDjdD1iEU7IvI%3D","_links":{"self":[{"href":"https:\/\/estiloromano.smartjoias.com.br\/escolhas\/wp-json\/wp\/v2\/product\/49899","targetHints":{"allow":["GET"]}}],"collection":[{"href":"https:\/\/estiloromano.smartjoias.com.br\/escolhas\/wp-json\/wp\/v2\/product"}],"about":[{"href":"https:\/\/estiloromano.smartjoias.com.br\/escolhas\/wp-json\/wp\/v2\/types\/product"}],"wp:attachment":[{"href":"https:\/\/estiloromano.smartjoias.com.br\/escolhas\/wp-json\/wp\/v2\/media?parent=49899"}],"wp:term":[{"taxonomy":"product_cat","embeddable":true,"href":"https:\/\/estiloromano.smartjoias.com.br\/escolhas\/wp-json\/wp\/v2\/product_cat?post=49899"},{"taxonomy":"product_tag","embeddable":true,"href":"https:\/\/estiloromano.smartjoias.com.br\/escolhas\/wp-json\/wp\/v2\/product_tag?post=49899"}],"curies":[{"name":"wp","href":"https:\/\/api.w.org\/{rel}","templated":true}]}}