{"id":49934,"date":"2023-09-25T10:28:37","date_gmt":"2023-09-25T13:28:37","guid":{"rendered":"https:\/\/estiloromano.smartjoias.com.br\/escolhas\/shop\/sem categoria\/piercing-tres-borboletas-cravejadas-lado-direito-em-aco\/"},"modified":"2024-02-26T13:22:04","modified_gmt":"2024-02-26T16:22:04","slug":"piercing-tres-borboletas-cravejadas-lado-direito-em-aco","status":"publish","type":"product","link":"https:\/\/estiloromano.smartjoias.com.br\/escolhas\/shop\/sem-categoria\/piercing-tres-borboletas-cravejadas-lado-direito-em-aco\/","title":{"rendered":"Piercing Tr\u00eas Borboletas Cravejadas  Lado Direito em A\u00e7o"},"content":{"rendered":"<p>Piercing Tr\u00eas Borboletas Cravejadas  Lado Direito em A\u00e7o<\/p>\n","protected":false},"excerpt":{"rendered":"<p>Piercing Tr\u00eas Borboletas Cravejadas Lado Direito em A\u00e7o<\/p>\n","protected":false},"featured_media":0,"template":"","meta":[],"product_cat":[2480],"product_tag":[],"class_list":{"0":"post-49934","1":"product","2":"type-product","3":"status-publish","5":"product_cat-sem-categoria","7":"first","8":"instock","9":"shipping-taxable","10":"purchasable","11":"product-type-simple"},"fifu_image_url":"https:\/\/orgbling.s3.amazonaws.com\/25e28644d5bc765187a98d9415eab57d\/e55010148f872d95919eaa2a57753815?AWSAccessKeyId=AKIATCLMSGFX4J7TU445&Expires=1709569145&Signature=ptzEsDa38p0J7AuwNS%2BP1wqLoK8%3D","_links":{"self":[{"href":"https:\/\/estiloromano.smartjoias.com.br\/escolhas\/wp-json\/wp\/v2\/product\/49934","targetHints":{"allow":["GET"]}}],"collection":[{"href":"https:\/\/estiloromano.smartjoias.com.br\/escolhas\/wp-json\/wp\/v2\/product"}],"about":[{"href":"https:\/\/estiloromano.smartjoias.com.br\/escolhas\/wp-json\/wp\/v2\/types\/product"}],"wp:attachment":[{"href":"https:\/\/estiloromano.smartjoias.com.br\/escolhas\/wp-json\/wp\/v2\/media?parent=49934"}],"wp:term":[{"taxonomy":"product_cat","embeddable":true,"href":"https:\/\/estiloromano.smartjoias.com.br\/escolhas\/wp-json\/wp\/v2\/product_cat?post=49934"},{"taxonomy":"product_tag","embeddable":true,"href":"https:\/\/estiloromano.smartjoias.com.br\/escolhas\/wp-json\/wp\/v2\/product_tag?post=49934"}],"curies":[{"name":"wp","href":"https:\/\/api.w.org\/{rel}","templated":true}]}}