{"id":49944,"date":"2023-09-26T14:20:21","date_gmt":"2023-09-26T17:20:21","guid":{"rendered":"https:\/\/estiloromano.smartjoias.com.br\/escolhas\/shop\/sem categoria\/piercing-flor-6-pontas-com-zirconias-em-aco-banhado-a-ouro\/"},"modified":"2024-02-26T13:21:55","modified_gmt":"2024-02-26T16:21:55","slug":"piercing-flor-6-pontas-com-zirconias-em-aco-banhado-a-ouro","status":"publish","type":"product","link":"https:\/\/estiloromano.smartjoias.com.br\/escolhas\/shop\/sem-categoria\/piercing-flor-6-pontas-com-zirconias-em-aco-banhado-a-ouro\/","title":{"rendered":"Piercing Flor 6 Pontas com Zirc\u00f4nias em A\u00e7o Banhado a Ouro"},"content":{"rendered":"<p>Piercing Flor 6 Pontas com Zirc\u00f4nias em A\u00e7o Banhado a Ouro<\/p>\n","protected":false},"excerpt":{"rendered":"<p>Piercing Flor 6 Pontas com Zirc\u00f4nias em A\u00e7o Banhado a Ouro<\/p>\n","protected":false},"featured_media":0,"template":"","meta":[],"product_cat":[2480],"product_tag":[],"class_list":{"0":"post-49944","1":"product","2":"type-product","3":"status-publish","5":"product_cat-sem-categoria","7":"first","8":"instock","9":"shipping-taxable","10":"purchasable","11":"product-type-simple"},"fifu_image_url":"https:\/\/orgbling.s3.amazonaws.com\/25e28644d5bc765187a98d9415eab57d\/358473085f942d8f17b938bb057ce5c6?AWSAccessKeyId=AKIATCLMSGFX4J7TU445&Expires=1709569145&Signature=BN2AnZIPn%2B8JpUFE7Yt1RlJTYe0%3D","_links":{"self":[{"href":"https:\/\/estiloromano.smartjoias.com.br\/escolhas\/wp-json\/wp\/v2\/product\/49944","targetHints":{"allow":["GET"]}}],"collection":[{"href":"https:\/\/estiloromano.smartjoias.com.br\/escolhas\/wp-json\/wp\/v2\/product"}],"about":[{"href":"https:\/\/estiloromano.smartjoias.com.br\/escolhas\/wp-json\/wp\/v2\/types\/product"}],"wp:attachment":[{"href":"https:\/\/estiloromano.smartjoias.com.br\/escolhas\/wp-json\/wp\/v2\/media?parent=49944"}],"wp:term":[{"taxonomy":"product_cat","embeddable":true,"href":"https:\/\/estiloromano.smartjoias.com.br\/escolhas\/wp-json\/wp\/v2\/product_cat?post=49944"},{"taxonomy":"product_tag","embeddable":true,"href":"https:\/\/estiloromano.smartjoias.com.br\/escolhas\/wp-json\/wp\/v2\/product_tag?post=49944"}],"curies":[{"name":"wp","href":"https:\/\/api.w.org\/{rel}","templated":true}]}}