{"id":50016,"date":"2023-10-11T16:14:30","date_gmt":"2023-10-11T19:14:30","guid":{"rendered":"https:\/\/estiloromano.smartjoias.com.br\/escolhas\/shop\/sem categoria\/pulseira-coracao-vazado-14mm-banhado-a-ouro\/"},"modified":"2024-02-26T13:15:54","modified_gmt":"2024-02-26T16:15:54","slug":"pulseira-coracao-vazado-14mm-banhado-a-ouro","status":"publish","type":"product","link":"https:\/\/estiloromano.smartjoias.com.br\/escolhas\/shop\/sem-categoria\/pulseira-coracao-vazado-14mm-banhado-a-ouro\/","title":{"rendered":"Pulseira Cora\u00e7\u00e3o Vazado 14mm &#8211; Banhado a Ouro"},"content":{"rendered":"<p>Pulseira Cora\u00e7\u00e3o Vazado 14mm &#8211; Banhado a Ouro<\/p>\n","protected":false},"excerpt":{"rendered":"<p>Pulseira Cora\u00e7\u00e3o Vazado 14mm &#8211; Banhado a Ouro<\/p>\n","protected":false},"featured_media":0,"template":"","meta":[],"product_cat":[2480],"product_tag":[],"class_list":{"0":"post-50016","1":"product","2":"type-product","3":"status-publish","5":"product_cat-sem-categoria","7":"first","8":"instock","9":"shipping-taxable","10":"purchasable","11":"product-type-simple"},"_links":{"self":[{"href":"https:\/\/estiloromano.smartjoias.com.br\/escolhas\/wp-json\/wp\/v2\/product\/50016","targetHints":{"allow":["GET"]}}],"collection":[{"href":"https:\/\/estiloromano.smartjoias.com.br\/escolhas\/wp-json\/wp\/v2\/product"}],"about":[{"href":"https:\/\/estiloromano.smartjoias.com.br\/escolhas\/wp-json\/wp\/v2\/types\/product"}],"wp:attachment":[{"href":"https:\/\/estiloromano.smartjoias.com.br\/escolhas\/wp-json\/wp\/v2\/media?parent=50016"}],"wp:term":[{"taxonomy":"product_cat","embeddable":true,"href":"https:\/\/estiloromano.smartjoias.com.br\/escolhas\/wp-json\/wp\/v2\/product_cat?post=50016"},{"taxonomy":"product_tag","embeddable":true,"href":"https:\/\/estiloromano.smartjoias.com.br\/escolhas\/wp-json\/wp\/v2\/product_tag?post=50016"}],"curies":[{"name":"wp","href":"https:\/\/api.w.org\/{rel}","templated":true}]}}