{"id":50062,"date":"2023-10-11T16:16:15","date_gmt":"2023-10-11T19:16:15","guid":{"rendered":"https:\/\/estiloromano.smartjoias.com.br\/escolhas\/shop\/sem categoria\/falange-coracao-com-zirconia-banhado-a-prata-tamanho7\/"},"modified":"2024-02-26T13:18:00","modified_gmt":"2024-02-26T16:18:00","slug":"falange-coracao-com-zirconia-banhado-a-prata-tamanho7","status":"publish","type":"product","link":"https:\/\/estiloromano.smartjoias.com.br\/escolhas\/shop\/sem-categoria\/falange-coracao-com-zirconia-banhado-a-prata-tamanho7\/","title":{"rendered":"Falange Cora\u00e7\u00e3o com Zirc\u00f4nia  &#8211; Banhado a Prata Tamanho:7"},"content":{"rendered":"<p>Falange Cora\u00e7\u00e3o com Zirc\u00f4nia  &#8211; Banhado a Prata Tamanho:7<\/p>\n","protected":false},"excerpt":{"rendered":"<p>Falange Cora\u00e7\u00e3o com Zirc\u00f4nia &#8211; Banhado a Prata Tamanho:7<\/p>\n","protected":false},"featured_media":0,"template":"","meta":[],"product_cat":[2480],"product_tag":[],"class_list":{"0":"post-50062","1":"product","2":"type-product","3":"status-publish","5":"product_cat-sem-categoria","7":"first","8":"instock","9":"shipping-taxable","10":"purchasable","11":"product-type-simple"},"_links":{"self":[{"href":"https:\/\/estiloromano.smartjoias.com.br\/escolhas\/wp-json\/wp\/v2\/product\/50062","targetHints":{"allow":["GET"]}}],"collection":[{"href":"https:\/\/estiloromano.smartjoias.com.br\/escolhas\/wp-json\/wp\/v2\/product"}],"about":[{"href":"https:\/\/estiloromano.smartjoias.com.br\/escolhas\/wp-json\/wp\/v2\/types\/product"}],"wp:attachment":[{"href":"https:\/\/estiloromano.smartjoias.com.br\/escolhas\/wp-json\/wp\/v2\/media?parent=50062"}],"wp:term":[{"taxonomy":"product_cat","embeddable":true,"href":"https:\/\/estiloromano.smartjoias.com.br\/escolhas\/wp-json\/wp\/v2\/product_cat?post=50062"},{"taxonomy":"product_tag","embeddable":true,"href":"https:\/\/estiloromano.smartjoias.com.br\/escolhas\/wp-json\/wp\/v2\/product_tag?post=50062"}],"curies":[{"name":"wp","href":"https:\/\/api.w.org\/{rel}","templated":true}]}}