{"id":50073,"date":"2023-10-11T16:16:34","date_gmt":"2023-10-11T19:16:34","guid":{"rendered":"https:\/\/estiloromano.smartjoias.com.br\/escolhas\/shop\/sem categoria\/brinco-argolinha-coracao-estrela-e-lua-vazada-10mm-banhado-a-prata\/"},"modified":"2024-02-26T13:18:31","modified_gmt":"2024-02-26T16:18:31","slug":"brinco-argolinha-coracao-estrela-e-lua-vazada-10mm-banhado-a-prata","status":"publish","type":"product","link":"https:\/\/estiloromano.smartjoias.com.br\/escolhas\/shop\/sem-categoria\/brinco-argolinha-coracao-estrela-e-lua-vazada-10mm-banhado-a-prata\/","title":{"rendered":"Brinco Argolinha Cora\u00e7\u00e3o Estrela e Lua Vazada 10mm &#8211; Banhado a Prata"},"content":{"rendered":"<p>Brinco Argolinha Cora\u00e7\u00e3o Estrela e Lua Vazada 10mm &#8211; Banhado a Prata<\/p>\n","protected":false},"excerpt":{"rendered":"<p>Brinco Argolinha Cora\u00e7\u00e3o Estrela e Lua Vazada 10mm &#8211; Banhado a Prata<\/p>\n","protected":false},"featured_media":0,"template":"","meta":[],"product_cat":[2480],"product_tag":[],"class_list":{"0":"post-50073","1":"product","2":"type-product","3":"status-publish","5":"product_cat-sem-categoria","7":"first","8":"instock","9":"shipping-taxable","10":"purchasable","11":"product-type-simple"},"_links":{"self":[{"href":"https:\/\/estiloromano.smartjoias.com.br\/escolhas\/wp-json\/wp\/v2\/product\/50073","targetHints":{"allow":["GET"]}}],"collection":[{"href":"https:\/\/estiloromano.smartjoias.com.br\/escolhas\/wp-json\/wp\/v2\/product"}],"about":[{"href":"https:\/\/estiloromano.smartjoias.com.br\/escolhas\/wp-json\/wp\/v2\/types\/product"}],"wp:attachment":[{"href":"https:\/\/estiloromano.smartjoias.com.br\/escolhas\/wp-json\/wp\/v2\/media?parent=50073"}],"wp:term":[{"taxonomy":"product_cat","embeddable":true,"href":"https:\/\/estiloromano.smartjoias.com.br\/escolhas\/wp-json\/wp\/v2\/product_cat?post=50073"},{"taxonomy":"product_tag","embeddable":true,"href":"https:\/\/estiloromano.smartjoias.com.br\/escolhas\/wp-json\/wp\/v2\/product_tag?post=50073"}],"curies":[{"name":"wp","href":"https:\/\/api.w.org\/{rel}","templated":true}]}}