{"id":50108,"date":"2023-10-22T12:50:01","date_gmt":"2023-10-22T15:50:01","guid":{"rendered":"https:\/\/estiloromano.smartjoias.com.br\/escolhas\/shop\/sem categoria\/piercing-argola-coracao-ponto-de-luz-aco-banhado-a-ouro-lado-esquerdo\/"},"modified":"2024-02-26T13:14:07","modified_gmt":"2024-02-26T16:14:07","slug":"piercing-argola-coracao-ponto-de-luz-aco-banhado-a-ouro-lado-esquerdo","status":"publish","type":"product","link":"https:\/\/estiloromano.smartjoias.com.br\/escolhas\/shop\/sem-categoria\/piercing-argola-coracao-ponto-de-luz-aco-banhado-a-ouro-lado-esquerdo\/","title":{"rendered":"Piercing Argola Cora\u00e7\u00e3o Ponto de Luz A\u00e7o Banhado a Ouro &#8211; Lado Esquerdo"},"content":{"rendered":"<p>Piercing Argola Cora\u00e7\u00e3o Ponto de Luz A\u00e7o Banhado a Ouro &#8211; Lado Esquerdo<\/p>\n","protected":false},"excerpt":{"rendered":"<p>Piercing Argola Cora\u00e7\u00e3o Ponto de Luz A\u00e7o Banhado a Ouro &#8211; Lado Esquerdo<\/p>\n","protected":false},"featured_media":0,"template":"","meta":[],"product_cat":[2480],"product_tag":[],"class_list":{"0":"post-50108","1":"product","2":"type-product","3":"status-publish","5":"product_cat-sem-categoria","7":"first","8":"instock","9":"shipping-taxable","10":"purchasable","11":"product-type-simple"},"_links":{"self":[{"href":"https:\/\/estiloromano.smartjoias.com.br\/escolhas\/wp-json\/wp\/v2\/product\/50108","targetHints":{"allow":["GET"]}}],"collection":[{"href":"https:\/\/estiloromano.smartjoias.com.br\/escolhas\/wp-json\/wp\/v2\/product"}],"about":[{"href":"https:\/\/estiloromano.smartjoias.com.br\/escolhas\/wp-json\/wp\/v2\/types\/product"}],"wp:attachment":[{"href":"https:\/\/estiloromano.smartjoias.com.br\/escolhas\/wp-json\/wp\/v2\/media?parent=50108"}],"wp:term":[{"taxonomy":"product_cat","embeddable":true,"href":"https:\/\/estiloromano.smartjoias.com.br\/escolhas\/wp-json\/wp\/v2\/product_cat?post=50108"},{"taxonomy":"product_tag","embeddable":true,"href":"https:\/\/estiloromano.smartjoias.com.br\/escolhas\/wp-json\/wp\/v2\/product_tag?post=50108"}],"curies":[{"name":"wp","href":"https:\/\/api.w.org\/{rel}","templated":true}]}}