{"id":50111,"date":"2023-10-28T15:40:33","date_gmt":"2023-10-28T18:40:33","guid":{"rendered":"https:\/\/estiloromano.smartjoias.com.br\/escolhas\/shop\/sem%20categoria\/meia-alianca-grossa-com-zirconias-banhado-a-ouro-tamanho23\/"},"modified":"2024-06-09T14:56:13","modified_gmt":"2024-06-09T17:56:13","slug":"meia-alianca-grossa-com-zirconias-banhado-a-ouro-tamanho23","status":"publish","type":"product","link":"https:\/\/estiloromano.smartjoias.com.br\/escolhas\/shop\/sem-categoria\/meia-alianca-grossa-com-zirconias-banhado-a-ouro-tamanho23\/","title":{"rendered":"Meia Alian\u00e7a Grossa com Zirc\u00f4nias &#8211; Banhado a Ouro Tamanho:23"},"content":{"rendered":"<p>Meia Alian\u00e7a Grossa com Zirc\u00f4nias &#8211; Banhado a Prata Tamanho:23<\/p>\n","protected":false},"excerpt":{"rendered":"<p>Meia Alian\u00e7a Grossa com Zirc\u00f4nias &#8211; Banhado a Prata Tamanho:23<\/p>\n","protected":false},"featured_media":0,"template":"","meta":[],"product_cat":[2480],"product_tag":[],"class_list":{"0":"post-50111","1":"product","2":"type-product","3":"status-publish","5":"product_cat-sem-categoria","7":"first","8":"instock","9":"shipping-taxable","10":"purchasable","11":"product-type-simple"},"_links":{"self":[{"href":"https:\/\/estiloromano.smartjoias.com.br\/escolhas\/wp-json\/wp\/v2\/product\/50111","targetHints":{"allow":["GET"]}}],"collection":[{"href":"https:\/\/estiloromano.smartjoias.com.br\/escolhas\/wp-json\/wp\/v2\/product"}],"about":[{"href":"https:\/\/estiloromano.smartjoias.com.br\/escolhas\/wp-json\/wp\/v2\/types\/product"}],"wp:attachment":[{"href":"https:\/\/estiloromano.smartjoias.com.br\/escolhas\/wp-json\/wp\/v2\/media?parent=50111"}],"wp:term":[{"taxonomy":"product_cat","embeddable":true,"href":"https:\/\/estiloromano.smartjoias.com.br\/escolhas\/wp-json\/wp\/v2\/product_cat?post=50111"},{"taxonomy":"product_tag","embeddable":true,"href":"https:\/\/estiloromano.smartjoias.com.br\/escolhas\/wp-json\/wp\/v2\/product_tag?post=50111"}],"curies":[{"name":"wp","href":"https:\/\/api.w.org\/{rel}","templated":true}]}}