{"id":50118,"date":"2023-10-28T15:42:04","date_gmt":"2023-10-28T18:42:04","guid":{"rendered":"https:\/\/estiloromano.smartjoias.com.br\/escolhas\/shop\/sem%20categoria\/meia-alianca-grossa-com-zirconias-banhado-a-ouro-tamanho16\/"},"modified":"2024-06-09T14:56:26","modified_gmt":"2024-06-09T17:56:26","slug":"meia-alianca-grossa-com-zirconias-banhado-a-ouro-tamanho16","status":"publish","type":"product","link":"https:\/\/estiloromano.smartjoias.com.br\/escolhas\/shop\/sem-categoria\/meia-alianca-grossa-com-zirconias-banhado-a-ouro-tamanho16\/","title":{"rendered":"Meia Alian\u00e7a Grossa com Zirc\u00f4nias &#8211; Banhado a Ouro Tamanho:16"},"content":{"rendered":"<p>Meia Alian\u00e7a Grossa com Zirc\u00f4nias &#8211; Banhado a Prata Tamanho:16<\/p>\n","protected":false},"excerpt":{"rendered":"<p>Meia Alian\u00e7a Grossa com Zirc\u00f4nias &#8211; Banhado a Prata Tamanho:16<\/p>\n","protected":false},"featured_media":0,"template":"","meta":[],"product_cat":[2480],"product_tag":[],"class_list":{"0":"post-50118","1":"product","2":"type-product","3":"status-publish","5":"product_cat-sem-categoria","7":"first","8":"instock","9":"shipping-taxable","10":"purchasable","11":"product-type-simple"},"_links":{"self":[{"href":"https:\/\/estiloromano.smartjoias.com.br\/escolhas\/wp-json\/wp\/v2\/product\/50118","targetHints":{"allow":["GET"]}}],"collection":[{"href":"https:\/\/estiloromano.smartjoias.com.br\/escolhas\/wp-json\/wp\/v2\/product"}],"about":[{"href":"https:\/\/estiloromano.smartjoias.com.br\/escolhas\/wp-json\/wp\/v2\/types\/product"}],"wp:attachment":[{"href":"https:\/\/estiloromano.smartjoias.com.br\/escolhas\/wp-json\/wp\/v2\/media?parent=50118"}],"wp:term":[{"taxonomy":"product_cat","embeddable":true,"href":"https:\/\/estiloromano.smartjoias.com.br\/escolhas\/wp-json\/wp\/v2\/product_cat?post=50118"},{"taxonomy":"product_tag","embeddable":true,"href":"https:\/\/estiloromano.smartjoias.com.br\/escolhas\/wp-json\/wp\/v2\/product_tag?post=50118"}],"curies":[{"name":"wp","href":"https:\/\/api.w.org\/{rel}","templated":true}]}}