{"id":50396,"date":"2023-10-31T11:41:45","date_gmt":"2023-10-31T14:41:45","guid":{"rendered":"https:\/\/estiloromano.smartjoias.com.br\/escolhas\/shop\/sem categoria\/escapulario-medalinha-sao-bento-corrente-veneziana-banhado-a-prata\/"},"modified":"2024-06-09T14:55:57","modified_gmt":"2024-06-09T17:55:57","slug":"escapulario-medalinha-sao-bento-corrente-veneziana-banhado-a-prata","status":"publish","type":"product","link":"https:\/\/estiloromano.smartjoias.com.br\/escolhas\/shop\/sem-categoria\/escapulario-medalinha-sao-bento-corrente-veneziana-banhado-a-prata\/","title":{"rendered":"Escapul\u00e1rio Medalinha S\u00e3o Bento Corrente Veneziana &#8211; Banhado a Prata"},"content":{"rendered":"<p>Escapul\u00e1rio Medalinha S\u00e3o Bento Corrente Veneziana &#8211; Banhado a Prata<\/p>\n","protected":false},"excerpt":{"rendered":"<p>Escapul\u00e1rio Medalinha S\u00e3o Bento Corrente Veneziana &#8211; Banhado a Prata<\/p>\n","protected":false},"featured_media":0,"template":"","meta":[],"product_cat":[2480],"product_tag":[],"class_list":{"0":"post-50396","1":"product","2":"type-product","3":"status-publish","5":"product_cat-sem-categoria","7":"first","8":"instock","9":"shipping-taxable","10":"purchasable","11":"product-type-simple"},"_links":{"self":[{"href":"https:\/\/estiloromano.smartjoias.com.br\/escolhas\/wp-json\/wp\/v2\/product\/50396","targetHints":{"allow":["GET"]}}],"collection":[{"href":"https:\/\/estiloromano.smartjoias.com.br\/escolhas\/wp-json\/wp\/v2\/product"}],"about":[{"href":"https:\/\/estiloromano.smartjoias.com.br\/escolhas\/wp-json\/wp\/v2\/types\/product"}],"wp:attachment":[{"href":"https:\/\/estiloromano.smartjoias.com.br\/escolhas\/wp-json\/wp\/v2\/media?parent=50396"}],"wp:term":[{"taxonomy":"product_cat","embeddable":true,"href":"https:\/\/estiloromano.smartjoias.com.br\/escolhas\/wp-json\/wp\/v2\/product_cat?post=50396"},{"taxonomy":"product_tag","embeddable":true,"href":"https:\/\/estiloromano.smartjoias.com.br\/escolhas\/wp-json\/wp\/v2\/product_tag?post=50396"}],"curies":[{"name":"wp","href":"https:\/\/api.w.org\/{rel}","templated":true}]}}