{"id":50772,"date":"2023-11-15T10:07:27","date_gmt":"2023-11-15T13:07:27","guid":{"rendered":"https:\/\/estiloromano.smartjoias.com.br\/escolhas\/shop\/sem categoria\/piercing-argolinha-torcao-cravejado-em-aco-3\/"},"modified":"2024-06-09T14:53:57","modified_gmt":"2024-06-09T17:53:57","slug":"piercing-argolinha-torcao-cravejado-em-aco-3","status":"publish","type":"product","link":"https:\/\/estiloromano.smartjoias.com.br\/escolhas\/shop\/sem-categoria\/piercing-argolinha-torcao-cravejado-em-aco-3\/","title":{"rendered":"Piercing Argolinha Tor\u00e7\u00e3o Cravejado em A\u00e7o"},"content":{"rendered":"<p>Piercing Argolinha Tor\u00e7\u00e3o Cravejado em A\u00e7o<\/p>\n","protected":false},"excerpt":{"rendered":"<p>Piercing Argolinha Tor\u00e7\u00e3o Cravejado em A\u00e7o<\/p>\n","protected":false},"featured_media":0,"template":"","meta":[],"product_cat":[2480],"product_tag":[],"class_list":{"0":"post-50772","1":"product","2":"type-product","3":"status-publish","5":"product_cat-sem-categoria","7":"first","8":"instock","9":"shipping-taxable","10":"purchasable","11":"product-type-simple"},"_links":{"self":[{"href":"https:\/\/estiloromano.smartjoias.com.br\/escolhas\/wp-json\/wp\/v2\/product\/50772","targetHints":{"allow":["GET"]}}],"collection":[{"href":"https:\/\/estiloromano.smartjoias.com.br\/escolhas\/wp-json\/wp\/v2\/product"}],"about":[{"href":"https:\/\/estiloromano.smartjoias.com.br\/escolhas\/wp-json\/wp\/v2\/types\/product"}],"wp:attachment":[{"href":"https:\/\/estiloromano.smartjoias.com.br\/escolhas\/wp-json\/wp\/v2\/media?parent=50772"}],"wp:term":[{"taxonomy":"product_cat","embeddable":true,"href":"https:\/\/estiloromano.smartjoias.com.br\/escolhas\/wp-json\/wp\/v2\/product_cat?post=50772"},{"taxonomy":"product_tag","embeddable":true,"href":"https:\/\/estiloromano.smartjoias.com.br\/escolhas\/wp-json\/wp\/v2\/product_tag?post=50772"}],"curies":[{"name":"wp","href":"https:\/\/api.w.org\/{rel}","templated":true}]}}