{"id":50823,"date":"2023-11-27T20:12:20","date_gmt":"2023-11-27T23:12:20","guid":{"rendered":"https:\/\/estiloromano.smartjoias.com.br\/escolhas\/shop\/sem categoria\/colar-longo-coracoes-banhado-a-ouro-tamanho60cm\/"},"modified":"2024-09-22T21:19:10","modified_gmt":"2024-09-23T00:19:10","slug":"colar-longo-coracoes-banhado-a-ouro-tamanho60cm","status":"publish","type":"product","link":"https:\/\/estiloromano.smartjoias.com.br\/escolhas\/shop\/sem-categoria\/colar-longo-coracoes-banhado-a-ouro-tamanho60cm\/","title":{"rendered":"Colar Longo Cora\u00e7\u00f5es &#8211; Banhado a Ouro Tamanho:60cm"},"content":{"rendered":"<p>Colar Longo Cora\u00e7\u00f5es &#8211; Banhado a Ouro Tamanho:60cm<\/p>\n","protected":false},"excerpt":{"rendered":"<p>Colar Longo Cora\u00e7\u00f5es &#8211; Banhado a Ouro Tamanho:60cm<\/p>\n","protected":false},"featured_media":0,"template":"","meta":[],"product_cat":[2480],"product_tag":[],"class_list":{"0":"post-50823","1":"product","2":"type-product","3":"status-publish","5":"product_cat-sem-categoria","7":"first","8":"instock","9":"shipping-taxable","10":"purchasable","11":"product-type-simple"},"_links":{"self":[{"href":"https:\/\/estiloromano.smartjoias.com.br\/escolhas\/wp-json\/wp\/v2\/product\/50823","targetHints":{"allow":["GET"]}}],"collection":[{"href":"https:\/\/estiloromano.smartjoias.com.br\/escolhas\/wp-json\/wp\/v2\/product"}],"about":[{"href":"https:\/\/estiloromano.smartjoias.com.br\/escolhas\/wp-json\/wp\/v2\/types\/product"}],"wp:attachment":[{"href":"https:\/\/estiloromano.smartjoias.com.br\/escolhas\/wp-json\/wp\/v2\/media?parent=50823"}],"wp:term":[{"taxonomy":"product_cat","embeddable":true,"href":"https:\/\/estiloromano.smartjoias.com.br\/escolhas\/wp-json\/wp\/v2\/product_cat?post=50823"},{"taxonomy":"product_tag","embeddable":true,"href":"https:\/\/estiloromano.smartjoias.com.br\/escolhas\/wp-json\/wp\/v2\/product_tag?post=50823"}],"curies":[{"name":"wp","href":"https:\/\/api.w.org\/{rel}","templated":true}]}}